{"id":9793,"date":"2023-04-09T16:22:18","date_gmt":"2023-04-09T16:22:18","guid":{"rendered":"https:\/\/king-365.co\/?post_type=product&#038;p=9793"},"modified":"2023-04-17T00:13:25","modified_gmt":"2023-04-17T00:13:25","slug":"abonnement-24-mois","status":"publish","type":"product","link":"https:\/\/king-365.co\/en\/product\/abonnement-24-mois\/","title":{"rendered":"Subscription 24 Months"},"content":{"rendered":"<p>Instant Activation: Once payment is made, your King365tv service will be fully active and ready to use.<br \/>\nThousands of channels: Your King365tv subscription offers you international channels from all over the world, including all channels from France, Belgium, Italy, the United States, the United Kingdom ...<br \/>\nVideo on Demand: Stream full seasons of the best TV shows, the latest movies, kids shows and anything else you want from the complete VOD library.<br \/>\nUltimate stability: Watch your favorite channels with complete stability and smoothness.<br \/>\nQuality: We provide high resolution 4K 1080p, 720p and 480p channels.<br \/>\nElectronic Program Guide (EPG): You can now view the schedules of your favorite programs.<br \/>\nReplay: Available on over 1000 channels. The replay allows you to watch the shows you missed.<br \/>\nConfiguration: Ultra fast and easy configuration. You will receive our help by email or call to install your subscription.<br \/>\nSupport: We are always here for you. We are available 24\/7 via email and WhatsApp.<br \/>\nCompatibility: Our IPTV service is compatible with all devices: Smart TV, MAG, iOS, Android, Android Tv, Fire tv Stick.<br \/>\nConnect anywhere: Watch your channels with us anywhere. Just connect your app to the Internet.<\/p>","protected":false},"excerpt":{"rendered":"<p style=\"text-align: center;\">Abonnement 24 Mois King365tv avec Activation instantan\u00e9e au max 15 min<\/p>\n<p style=\"text-align: center;\">Une fois le paiement effectu\u00e9, votre service<\/p>\n<p style=\"text-align: center;\">King365tv sera enti\u00e8rement actif et pr\u00eat \u00e0 \u00eatre utilis\u00e9.<\/p>\n<p style=\"text-align: center;\">Des milliers de cha\u00eenes: Votre abonnement King365tv vous offre<\/p>\n<p style=\"text-align: center;\">des cha\u00eenes internationales du monde entier, y compris&#8230;<\/p>\n<p><img decoding=\"async\" loading=\"lazy\" class=\"size-medium wp-image-10000 aligncenter\" src=\"https:\/\/king-365.co\/wp-content\/uploads\/2023\/04\/badge-securite_grande_4926ff10-b286-4fdf-85f6-2149d6d0f337_600x-300x103.webp\" alt=\"\" width=\"300\" height=\"103\" srcset=\"https:\/\/king-365.co\/wp-content\/uploads\/2023\/04\/badge-securite_grande_4926ff10-b286-4fdf-85f6-2149d6d0f337_600x-300x103.webp 300w, https:\/\/king-365.co\/wp-content\/uploads\/2023\/04\/badge-securite_grande_4926ff10-b286-4fdf-85f6-2149d6d0f337_600x-18x6.webp 18w, https:\/\/king-365.co\/wp-content\/uploads\/2023\/04\/badge-securite_grande_4926ff10-b286-4fdf-85f6-2149d6d0f337_600x.webp 564w\" sizes=\"(max-width: 300px) 100vw, 300px\" \/><\/p>\n<p><img decoding=\"async\" loading=\"lazy\" class=\"size-medium wp-image-10003 aligncenter\" src=\"https:\/\/king-365.co\/wp-content\/uploads\/2023\/04\/Paiement-paypal-300x75.webp\" alt=\"\" width=\"300\" height=\"75\" srcset=\"https:\/\/king-365.co\/wp-content\/uploads\/2023\/04\/Paiement-paypal-300x75.webp 300w, https:\/\/king-365.co\/wp-content\/uploads\/2023\/04\/Paiement-paypal-768x192.webp 768w, https:\/\/king-365.co\/wp-content\/uploads\/2023\/04\/Paiement-paypal-18x5.webp 18w, https:\/\/king-365.co\/wp-content\/uploads\/2023\/04\/Paiement-paypal-800x200.webp 800w, https:\/\/king-365.co\/wp-content\/uploads\/2023\/04\/Paiement-paypal.webp 1000w\" sizes=\"(max-width: 300px) 100vw, 300px\" \/><\/p>\n<p><img decoding=\"async\" loading=\"lazy\" class=\"size-medium wp-image-10001 aligncenter\" src=\"https:\/\/king-365.co\/wp-content\/uploads\/2023\/04\/paypal4x1-300x58.png\" alt=\"\" width=\"300\" height=\"58\" srcset=\"https:\/\/king-365.co\/wp-content\/uploads\/2023\/04\/paypal4x1-300x58.png 300w, https:\/\/king-365.co\/wp-content\/uploads\/2023\/04\/paypal4x1-18x3.png 18w, https:\/\/king-365.co\/wp-content\/uploads\/2023\/04\/paypal4x1.png 319w\" sizes=\"(max-width: 300px) 100vw, 300px\" \/><\/p>\n<p><img decoding=\"async\" loading=\"lazy\" class=\"size-medium wp-image-10002 aligncenter\" src=\"https:\/\/king-365.co\/wp-content\/uploads\/2023\/04\/100-guarantee-seal_medium_large_2f24a62e-a88c-497c-8a3a-ab38a3d63cec.webp\" alt=\"\" width=\"240\" height=\"123\" srcset=\"https:\/\/king-365.co\/wp-content\/uploads\/2023\/04\/100-guarantee-seal_medium_large_2f24a62e-a88c-497c-8a3a-ab38a3d63cec.webp 240w, https:\/\/king-365.co\/wp-content\/uploads\/2023\/04\/100-guarantee-seal_medium_large_2f24a62e-a88c-497c-8a3a-ab38a3d63cec-18x9.webp 18w\" sizes=\"(max-width: 240px) 100vw, 240px\" \/><\/p>\n<p>&nbsp;<\/p>","protected":false},"featured_media":9997,"comment_status":"open","ping_status":"closed","template":"","meta":[],"product_cat":[49],"product_tag":[],"yoast_head":"<!-- This site is optimized with the Yoast SEO plugin v20.7 - https:\/\/yoast.com\/wordpress\/plugins\/seo\/ -->\n<title>Abonnement 24 mois - king365tv<\/title>\n<meta name=\"robots\" content=\"index, follow, max-snippet:-1, max-image-preview:large, max-video-preview:-1\" \/>\n<link rel=\"canonical\" href=\"https:\/\/king-365.co\/en\/product\/abonnement-24-mois\/\" \/>\n<meta property=\"og:locale\" content=\"en_US\" \/>\n<meta property=\"og:type\" content=\"article\" \/>\n<meta property=\"og:title\" content=\"Abonnement 24 mois - king365tv\" \/>\n<meta property=\"og:description\" content=\"Abonnement 24 Mois King365tv avec Activation instantan\u00e9e au max 15 min Une fois le paiement effectu\u00e9, votre service King365tv sera enti\u00e8rement actif et pr\u00eat \u00e0 \u00eatre utilis\u00e9. Des milliers de cha\u00eenes: Votre abonnement King365tv vous offre des cha\u00eenes internationales du monde entier, y compris...         &nbsp;\" \/>\n<meta property=\"og:url\" content=\"https:\/\/king-365.co\/en\/product\/abonnement-24-mois\/\" \/>\n<meta property=\"og:site_name\" content=\"king365tv\" \/>\n<meta property=\"article:modified_time\" content=\"2023-04-17T00:13:25+00:00\" \/>\n<meta property=\"og:image\" content=\"https:\/\/king-365.co\/wp-content\/uploads\/2023\/04\/24mois-king-365.co_.png\" \/>\n\t<meta property=\"og:image:width\" content=\"1304\" \/>\n\t<meta property=\"og:image:height\" content=\"1557\" \/>\n\t<meta property=\"og:image:type\" content=\"image\/png\" \/>\n<meta name=\"twitter:card\" content=\"summary_large_image\" \/>\n<meta name=\"twitter:label1\" content=\"Est. reading time\" \/>\n\t<meta name=\"twitter:data1\" content=\"1 minute\" \/>\n<script type=\"application\/ld+json\" class=\"yoast-schema-graph\">{\"@context\":\"https:\/\/schema.org\",\"@graph\":[{\"@type\":\"WebPage\",\"@id\":\"https:\/\/king-365.co\/product\/abonnement-24-mois\/\",\"url\":\"https:\/\/king-365.co\/product\/abonnement-24-mois\/\",\"name\":\"Abonnement 24 mois - king365tv\",\"isPartOf\":{\"@id\":\"https:\/\/king-365.co\/#website\"},\"datePublished\":\"2023-04-09T16:22:18+00:00\",\"dateModified\":\"2023-04-17T00:13:25+00:00\",\"breadcrumb\":{\"@id\":\"https:\/\/king-365.co\/product\/abonnement-24-mois\/#breadcrumb\"},\"inLanguage\":\"en-US\",\"potentialAction\":[{\"@type\":\"ReadAction\",\"target\":[\"https:\/\/king-365.co\/product\/abonnement-24-mois\/\"]}]},{\"@type\":\"BreadcrumbList\",\"@id\":\"https:\/\/king-365.co\/product\/abonnement-24-mois\/#breadcrumb\",\"itemListElement\":[{\"@type\":\"ListItem\",\"position\":1,\"name\":\"Accueil\",\"item\":\"https:\/\/king-365.co\/\"},{\"@type\":\"ListItem\",\"position\":2,\"name\":\"Produits\",\"item\":\"https:\/\/king-365.co\/shop\/\"},{\"@type\":\"ListItem\",\"position\":3,\"name\":\"Abonnement 24 mois\"}]},{\"@type\":\"WebSite\",\"@id\":\"https:\/\/king-365.co\/#website\",\"url\":\"https:\/\/king-365.co\/\",\"name\":\"king365tv\",\"description\":\"\",\"potentialAction\":[{\"@type\":\"SearchAction\",\"target\":{\"@type\":\"EntryPoint\",\"urlTemplate\":\"https:\/\/king-365.co\/?s={search_term_string}\"},\"query-input\":\"required name=search_term_string\"}],\"inLanguage\":\"en-US\"}]}<\/script>\n<!-- \/ Yoast SEO plugin. -->","yoast_head_json":{"title":"Abonnement 24 mois - king365tv","robots":{"index":"index","follow":"follow","max-snippet":"max-snippet:-1","max-image-preview":"max-image-preview:large","max-video-preview":"max-video-preview:-1"},"canonical":"https:\/\/king-365.co\/en\/product\/abonnement-24-mois\/","og_locale":"en_US","og_type":"article","og_title":"Abonnement 24 mois - king365tv","og_description":"Abonnement 24 Mois King365tv avec Activation instantan\u00e9e au max 15 min Une fois le paiement effectu\u00e9, votre service King365tv sera enti\u00e8rement actif et pr\u00eat \u00e0 \u00eatre utilis\u00e9. Des milliers de cha\u00eenes: Votre abonnement King365tv vous offre des cha\u00eenes internationales du monde entier, y compris...         &nbsp;","og_url":"https:\/\/king-365.co\/en\/product\/abonnement-24-mois\/","og_site_name":"king365tv","article_modified_time":"2023-04-17T00:13:25+00:00","og_image":[{"width":1304,"height":1557,"url":"https:\/\/king-365.co\/wp-content\/uploads\/2023\/04\/24mois-king-365.co_.png","type":"image\/png"}],"twitter_card":"summary_large_image","twitter_misc":{"Est. reading time":"1 minute"},"schema":{"@context":"https:\/\/schema.org","@graph":[{"@type":"WebPage","@id":"https:\/\/king-365.co\/product\/abonnement-24-mois\/","url":"https:\/\/king-365.co\/product\/abonnement-24-mois\/","name":"Abonnement 24 mois - king365tv","isPartOf":{"@id":"https:\/\/king-365.co\/#website"},"datePublished":"2023-04-09T16:22:18+00:00","dateModified":"2023-04-17T00:13:25+00:00","breadcrumb":{"@id":"https:\/\/king-365.co\/product\/abonnement-24-mois\/#breadcrumb"},"inLanguage":"en-US","potentialAction":[{"@type":"ReadAction","target":["https:\/\/king-365.co\/product\/abonnement-24-mois\/"]}]},{"@type":"BreadcrumbList","@id":"https:\/\/king-365.co\/product\/abonnement-24-mois\/#breadcrumb","itemListElement":[{"@type":"ListItem","position":1,"name":"Accueil","item":"https:\/\/king-365.co\/"},{"@type":"ListItem","position":2,"name":"Produits","item":"https:\/\/king-365.co\/shop\/"},{"@type":"ListItem","position":3,"name":"Abonnement 24 mois"}]},{"@type":"WebSite","@id":"https:\/\/king-365.co\/#website","url":"https:\/\/king-365.co\/","name":"king365tv","description":"","potentialAction":[{"@type":"SearchAction","target":{"@type":"EntryPoint","urlTemplate":"https:\/\/king-365.co\/?s={search_term_string}"},"query-input":"required name=search_term_string"}],"inLanguage":"en-US"}]}},"_links":{"self":[{"href":"https:\/\/king-365.co\/en\/wp-json\/wp\/v2\/product\/9793"}],"collection":[{"href":"https:\/\/king-365.co\/en\/wp-json\/wp\/v2\/product"}],"about":[{"href":"https:\/\/king-365.co\/en\/wp-json\/wp\/v2\/types\/product"}],"replies":[{"embeddable":true,"href":"https:\/\/king-365.co\/en\/wp-json\/wp\/v2\/comments?post=9793"}],"wp:featuredmedia":[{"embeddable":true,"href":"https:\/\/king-365.co\/en\/wp-json\/wp\/v2\/media\/9997"}],"wp:attachment":[{"href":"https:\/\/king-365.co\/en\/wp-json\/wp\/v2\/media?parent=9793"}],"wp:term":[{"taxonomy":"product_cat","embeddable":true,"href":"https:\/\/king-365.co\/en\/wp-json\/wp\/v2\/product_cat?post=9793"},{"taxonomy":"product_tag","embeddable":true,"href":"https:\/\/king-365.co\/en\/wp-json\/wp\/v2\/product_tag?post=9793"}],"curies":[{"name":"wp","href":"https:\/\/api.w.org\/{rel}","templated":true}]}}