{"id":9893,"date":"2023-04-10T04:05:25","date_gmt":"2023-04-10T04:05:25","guid":{"rendered":"https:\/\/king-365.co\/?page_id=9893"},"modified":"2025-11-03T23:13:32","modified_gmt":"2025-11-03T23:13:32","slug":"conditions-generales-de-vente-2","status":"publish","type":"page","link":"https:\/\/king-365.co\/en\/conditions-generales-de-vente-2\/","title":{"rendered":"General terms and conditions of sale"},"content":{"rendered":"<h2 class=\"wp-block-heading\"><strong>Bienvenue chez&nbsp;<\/strong>KING365TV<\/h2>\n\n\n\n<p><strong>Ce site web est maintenu r\u00e9guli\u00e8rement afin de mettre \u00e0 jour les informations concernant nos produits<\/strong><\/p>\n\n\n\n<h3 class=\"wp-block-heading\"><strong>Garantie&nbsp;<\/strong><\/h3>\n\n\n\n<p>Nous garantissons le bon fonctionnement de nos serveurs 24\/24, en cas&nbsp;de bug li\u00e9 \u00e0 votre debit internet c\u2019est \u00e0 dire hors de notre responsabilit\u00e9 qui peut causer l\u2019arr\u00eat de votre visionnage, Nous ne sommes pas responsables. Nous faisons&nbsp;le maximum pour une bonne stabilit\u00e9 de la reception&nbsp;. Dans ce cas, vous ne pouvez pas demander un remboursement.<\/p>\n\n\n\n<h3 class=\"wp-block-heading\"><strong>G\u00e9n\u00e9ral<\/strong><\/h3>\n\n\n\n<p>On va r\u00e9pondre \u00e0 toute demande dans un d\u00e9lai de 24h, 48h pour les weekends et jours f\u00e9ri\u00e9s.<\/p>\n\n\n\n<p>Pour l\u2019installation de votre box ou smart TV, nous vous assistons gratuitement<\/p>\n\n\n\n<h3 class=\"wp-block-heading\"><strong>Livraison<\/strong><\/h3>\n\n\n\n<p>Apr\u00e8s l\u2019achat de votre abonnement, le code est transmis sous 24h<\/p>\n\n\n\n<p>Pour les livraisons de box, il faut compter 3 \u00e0 5 jours ouvr\u00e9s<\/p>\n\n\n\n<h3 class=\"wp-block-heading\"><strong>Les moyens de paiements&nbsp;<\/strong><\/h3>\n\n\n\n<p>Nous acceptons le paiement par carte de cr\u00e9dit \/ PayPal .<\/p>\n\n\n\n<p>A noter que Paypal prends une commission sur tous vos achats, en cas de remboursement, cette commission sera \u00e0 votre charge<\/p>\n\n\n\n<h3 class=\"wp-block-heading\"><strong>Annulations \/&nbsp;<\/strong>Refund policy<\/h3>\n\n\n\n<ul>\n<li>Nous vous donnons seulement 48 heures apr\u00e8s votre achat pour annuler votre abonnement et obtenir un remboursement. Dans ce cas, vous devez nous envoyer une demande de remboursement par mail. Cette demande sera trait\u00e9e dans les 24 heures.<\/li>\n<\/ul>\n\n\n\n<ul>\n<li>Nous ne remboursons aucun produit d\u2019abonnement une fois que le client a activ\u00e9 son abonnement et pass\u00e9 le d\u00e9lai de 48 heures et cela appara\u00eetra dans nos syst\u00e8mes.<\/li>\n\n\n\n<li>Avant d\u2019acheter nos abonnements, nous vous recommandons de\u00a0tester notre service\u00a0IPTV,\u00a0nous vous proposons tout d\u2019abord un test d&rsquo;une heure Gratuit, et pour tous les probl\u00e8mes techniques, nous serons ravi de vous aider, s\u2019il vous pla\u00eet n\u2019h\u00e9sitez pas \u00e0 nous contacter par mail.<\/li>\n<\/ul>\n\n\n\n<h3 class=\"wp-block-heading\"><strong>Important<\/strong><\/h3>\n\n\n\n<p>Il est strictement interdit de cloner les fichiers d\u2019abonnements IPTV . En d\u2019autres termes, installer un abonnement&nbsp;sous plusieurs supports (TV, box, smartphone)&nbsp;ou l\u2019utilisation pour le re-streaming. Ceci est un cas de rupture de contrat, sans possibilit\u00e9 de remboursement.<\/p>\n\n\n\n<h3 class=\"wp-block-heading\"><strong>Confidentialit\u00e9 &amp; vie priv\u00e9e ..<\/strong><\/h3>\n\n\n\n<p>Vos donn\u00e9es ne seront pas&nbsp;communiqu\u00e9es \u00e0 des tiers. Nous respectons votre vie priv\u00e9e et nous nous engageons \u00e0 honorer votre anonymat.<\/p>\n\n\n\n<p>Vos coordonn\u00e9es et les donn\u00e9es d\u2019utilisations sur nos serveurs sont utilis\u00e9es uniquement lors des \u00e9tudes et statistiques dans le seul but de d\u00e9terminer les besoins techniques et nous permettre de mieux vous servir.<\/p>","protected":false},"excerpt":{"rendered":"<p>Bienvenue chez&nbsp;KING365TV Ce site web est maintenu r\u00e9guli\u00e8rement afin de mettre \u00e0 jour les informations concernant nos produits Garantie&nbsp; Nous [&hellip;]<\/p>","protected":false},"author":1,"featured_media":0,"parent":0,"menu_order":0,"comment_status":"closed","ping_status":"closed","template":"","meta":{"two_page_speed":{"current_score":{"desktop_score":94,"desktop_tti":"0.4\u00a0","mobile_score":98,"mobile_tti":"2.1\u00a0","date":"05.12.2023 07:49:38 pm","status":"error_no_score"}}},"yoast_head":"<!-- This site is optimized with the Yoast SEO plugin v20.7 - https:\/\/yoast.com\/wordpress\/plugins\/seo\/ -->\n<title>Conditions g\u00e9n\u00e9rales de vente - king365tv<\/title>\n<meta name=\"robots\" content=\"index, follow, max-snippet:-1, max-image-preview:large, max-video-preview:-1\" \/>\n<link rel=\"canonical\" href=\"https:\/\/king-365.co\/en\/conditions-generales-de-vente-2\/\" \/>\n<meta property=\"og:locale\" content=\"en_US\" \/>\n<meta property=\"og:type\" content=\"article\" \/>\n<meta property=\"og:title\" content=\"Conditions g\u00e9n\u00e9rales de vente - king365tv\" \/>\n<meta property=\"og:description\" content=\"Bienvenue chez&nbsp;KING365TV Ce site web est maintenu r\u00e9guli\u00e8rement afin de mettre \u00e0 jour les informations concernant nos produits Garantie&nbsp; Nous [&hellip;]\" \/>\n<meta property=\"og:url\" content=\"https:\/\/king-365.co\/en\/conditions-generales-de-vente-2\/\" \/>\n<meta property=\"og:site_name\" content=\"king365tv\" \/>\n<meta property=\"article:modified_time\" content=\"2025-11-03T23:13:32+00:00\" \/>\n<meta name=\"twitter:card\" content=\"summary_large_image\" \/>\n<meta name=\"twitter:label1\" content=\"Est. reading time\" \/>\n\t<meta name=\"twitter:data1\" content=\"2 minutes\" \/>\n<script type=\"application\/ld+json\" class=\"yoast-schema-graph\">{\"@context\":\"https:\/\/schema.org\",\"@graph\":[{\"@type\":\"WebPage\",\"@id\":\"https:\/\/king-365.co\/conditions-generales-de-vente-2\/\",\"url\":\"https:\/\/king-365.co\/conditions-generales-de-vente-2\/\",\"name\":\"Conditions g\u00e9n\u00e9rales de vente - king365tv\",\"isPartOf\":{\"@id\":\"https:\/\/king-365.co\/#website\"},\"datePublished\":\"2023-04-10T04:05:25+00:00\",\"dateModified\":\"2025-11-03T23:13:32+00:00\",\"breadcrumb\":{\"@id\":\"https:\/\/king-365.co\/conditions-generales-de-vente-2\/#breadcrumb\"},\"inLanguage\":\"en-US\",\"potentialAction\":[{\"@type\":\"ReadAction\",\"target\":[\"https:\/\/king-365.co\/conditions-generales-de-vente-2\/\"]}]},{\"@type\":\"BreadcrumbList\",\"@id\":\"https:\/\/king-365.co\/conditions-generales-de-vente-2\/#breadcrumb\",\"itemListElement\":[{\"@type\":\"ListItem\",\"position\":1,\"name\":\"Accueil\",\"item\":\"https:\/\/king-365.co\/\"},{\"@type\":\"ListItem\",\"position\":2,\"name\":\"Conditions g\u00e9n\u00e9rales de vente\"}]},{\"@type\":\"WebSite\",\"@id\":\"https:\/\/king-365.co\/#website\",\"url\":\"https:\/\/king-365.co\/\",\"name\":\"king365tv\",\"description\":\"\",\"potentialAction\":[{\"@type\":\"SearchAction\",\"target\":{\"@type\":\"EntryPoint\",\"urlTemplate\":\"https:\/\/king-365.co\/?s={search_term_string}\"},\"query-input\":\"required name=search_term_string\"}],\"inLanguage\":\"en-US\"}]}<\/script>\n<!-- \/ Yoast SEO plugin. -->","yoast_head_json":{"title":"Conditions g\u00e9n\u00e9rales de vente - king365tv","robots":{"index":"index","follow":"follow","max-snippet":"max-snippet:-1","max-image-preview":"max-image-preview:large","max-video-preview":"max-video-preview:-1"},"canonical":"https:\/\/king-365.co\/en\/conditions-generales-de-vente-2\/","og_locale":"en_US","og_type":"article","og_title":"Conditions g\u00e9n\u00e9rales de vente - king365tv","og_description":"Bienvenue chez&nbsp;KING365TV Ce site web est maintenu r\u00e9guli\u00e8rement afin de mettre \u00e0 jour les informations concernant nos produits Garantie&nbsp; Nous [&hellip;]","og_url":"https:\/\/king-365.co\/en\/conditions-generales-de-vente-2\/","og_site_name":"king365tv","article_modified_time":"2025-11-03T23:13:32+00:00","twitter_card":"summary_large_image","twitter_misc":{"Est. reading time":"2 minutes"},"schema":{"@context":"https:\/\/schema.org","@graph":[{"@type":"WebPage","@id":"https:\/\/king-365.co\/conditions-generales-de-vente-2\/","url":"https:\/\/king-365.co\/conditions-generales-de-vente-2\/","name":"Conditions g\u00e9n\u00e9rales de vente - king365tv","isPartOf":{"@id":"https:\/\/king-365.co\/#website"},"datePublished":"2023-04-10T04:05:25+00:00","dateModified":"2025-11-03T23:13:32+00:00","breadcrumb":{"@id":"https:\/\/king-365.co\/conditions-generales-de-vente-2\/#breadcrumb"},"inLanguage":"en-US","potentialAction":[{"@type":"ReadAction","target":["https:\/\/king-365.co\/conditions-generales-de-vente-2\/"]}]},{"@type":"BreadcrumbList","@id":"https:\/\/king-365.co\/conditions-generales-de-vente-2\/#breadcrumb","itemListElement":[{"@type":"ListItem","position":1,"name":"Accueil","item":"https:\/\/king-365.co\/"},{"@type":"ListItem","position":2,"name":"Conditions g\u00e9n\u00e9rales de vente"}]},{"@type":"WebSite","@id":"https:\/\/king-365.co\/#website","url":"https:\/\/king-365.co\/","name":"king365tv","description":"","potentialAction":[{"@type":"SearchAction","target":{"@type":"EntryPoint","urlTemplate":"https:\/\/king-365.co\/?s={search_term_string}"},"query-input":"required name=search_term_string"}],"inLanguage":"en-US"}]}},"_links":{"self":[{"href":"https:\/\/king-365.co\/en\/wp-json\/wp\/v2\/pages\/9893"}],"collection":[{"href":"https:\/\/king-365.co\/en\/wp-json\/wp\/v2\/pages"}],"about":[{"href":"https:\/\/king-365.co\/en\/wp-json\/wp\/v2\/types\/page"}],"author":[{"embeddable":true,"href":"https:\/\/king-365.co\/en\/wp-json\/wp\/v2\/users\/1"}],"replies":[{"embeddable":true,"href":"https:\/\/king-365.co\/en\/wp-json\/wp\/v2\/comments?post=9893"}],"version-history":[{"count":1,"href":"https:\/\/king-365.co\/en\/wp-json\/wp\/v2\/pages\/9893\/revisions"}],"predecessor-version":[{"id":10679,"href":"https:\/\/king-365.co\/en\/wp-json\/wp\/v2\/pages\/9893\/revisions\/10679"}],"wp:attachment":[{"href":"https:\/\/king-365.co\/en\/wp-json\/wp\/v2\/media?parent=9893"}],"curies":[{"name":"wp","href":"https:\/\/api.w.org\/{rel}","templated":true}]}}