{"id":9890,"date":"2023-04-10T04:04:03","date_gmt":"2023-04-10T04:04:03","guid":{"rendered":"https:\/\/king-365.co\/?page_id=9890"},"modified":"2025-11-02T00:31:32","modified_gmt":"2025-11-02T00:31:32","slug":"conditions-dutilisation","status":"publish","type":"page","link":"https:\/\/king-365.co\/en\/conditions-dutilisation\/","title":{"rendered":"Conditions of use"},"content":{"rendered":"<h2 class=\"wp-block-heading\"><strong>Bienvenue chez KING365TV!.<\/strong><\/h2>\n\n\n\n<p>Ces termes et conditions d\u00e9crivent les r\u00e8gles et les r\u00e8glements pour l\u2019utilisation du site Web de&nbsp;<strong>KING365TV<\/strong>. En acc\u00e9dant \u00e0 ce site, nous supposons que vous acceptez ces termes et conditions dans leur int\u00e9gralit\u00e9. Ne continuez pas \u00e0 utiliser le site Web de&nbsp;<strong>KING365TV<\/strong>&nbsp;si vous n\u2019acceptez pas tous les termes et conditions \u00e9nonc\u00e9s sur cette page.<\/p>\n\n\n\n<h3 class=\"wp-block-heading\">PROPRI\u00c9T\u00c9 INTELLECTUELLE<\/h3>\n\n\n\n<p>Copyright \u00a9 2023&nbsp;<strong>KING365TV<\/strong>&nbsp;Tous droits r\u00e9serv\u00e9s. Le contenu de ce site est la propri\u00e9t\u00e9 d\u2019<strong>KING365TV<\/strong>&nbsp;et de ses fournisseurs, et peut contenir des marques d\u00e9pos\u00e9es de&nbsp;<strong>KING365TV<\/strong>&nbsp;ou d\u2019autres. Vous pouvez imprimer, copier ou enregistrer des parties de ce site uniquement pour votre propre usage, \u00e0 condition que toutes les dispositions sur les droits d\u2019auteur et les marques commerciales contenues sur le site restent intactes.<br>L\u2019utilisation non autoris\u00e9e d\u2019une partie de ce site au-del\u00e0 de celle contenue dans le paragraphe pr\u00e9c\u00e9dent peut enfreindre les lois sur les droits d\u2019auteur, les marques et autres lois.<br>Alors qu\u2019&nbsp;<strong>KING365TV<\/strong>&nbsp;fait des efforts raisonnables pour maintenir ce site de mani\u00e8re \u00e0 jour, cela ne garantit pas l\u2019int\u00e9gralit\u00e9, l\u2019actualit\u00e9 ou l\u2019exactitude de toute information contenue sur ce site et peut apporter des modifications \u00e0 tout moment \u00e0 son enti\u00e8re discr\u00e9tion sans pr\u00e9avis. Toutes les informations contenues dans ce document sont fournies aux utilisateurs \u201ctel quel\u201d, \u201cavec tous les d\u00e9fauts\u201d, \u201ccomme disponibles\u201d et \u00e0 vos risques et p\u00e9rils.<\/p>\n\n\n\n<h3 class=\"wp-block-heading\">RESPONSABILIT\u00c9S DE L\u2019UTILISATEUR<\/h3>\n\n\n\n<p>Vous \u00eates responsable de toutes les activit\u00e9s que vous effectuez sur le site. Vous n\u2019utiliserez pas le site aux fins prescrites par&nbsp;<strong>KING365TV<\/strong>&nbsp;de temps \u00e0 autre, y compris, sans s\u2019y limiter: des fins ill\u00e9gales ou inappropri\u00e9es; Envoi de spams; Perp\u00e9tration de violations de s\u00e9curit\u00e9; le piratage; Violations de la vie priv\u00e9e; une activit\u00e9 frauduleuse; Distribution de virus ou autre code nuisible; La transmission, la distribution, l\u2019affichage ou l\u2019entreposage de tout mat\u00e9riel prot\u00e9g\u00e9 par le droit d\u2019auteur, la marque de commerce, le secret commercial ou tout autre droit de propri\u00e9t\u00e9 intellectuelle sans l\u2019autorisation ou les droits appropri\u00e9s, ou des \u00e9l\u00e9ments qui sont violents, obsc\u00e8nes, diffamatoires, frauduleux, intransigeants, irrespectueux, discriminatoires ou injurieux; Tout acc\u00e8s, modification, vol, corruption ou destruction non autoris\u00e9s de fichiers, donn\u00e9es, installations de transmission ou \u00e9quipement; Ou pour interf\u00e9rer avec l\u2019utilisation et la jouissance d\u2019un autre utilisateur du site. Si vous publiez des informations sur les zones accessibles au public de ce site, gardez \u00e0 l\u2019esprit que tout le monde peut le voir.<br><strong>KING365TV<\/strong>&nbsp;n\u2019est pas responsable et n\u2019approuve rien que les utilisateurs publient sur le site.&nbsp;<strong>KING365TV<\/strong>&nbsp;ne surveille pas syst\u00e9matiquement tous les documents plac\u00e9s sur le site, mais peut, \u00e0 sa discr\u00e9tion, supprimer ou modifier tout mat\u00e9riel faisant l\u2019objet d\u2019une infraction \u00e0 cet accord qui attire son attention.&nbsp;<strong>KING365TV<\/strong>&nbsp;peut \u00e9galement suspendre ou mettre fin \u00e0 l\u2019acc\u00e8s d\u2019un utilisateur au site s\u2019il d\u00e9termine \u00e0 son enti\u00e8re discr\u00e9tion que l\u2019utilisateur a viol\u00e9 toute disposition de la pr\u00e9sente entente.<\/p>\n\n\n\n<p><strong>KING365TV<\/strong>&nbsp;n\u2019acquiert aucune participation dans tout ce que vous publiez sur ce site. Vous accordez \u00e0&nbsp;<strong>KING365TV<\/strong>&nbsp;une licence irr\u00e9vocable et non exclusive pour utiliser, copier, reproduire, r\u00e9aliser des travaux d\u00e9riv\u00e9s, traiter, \u00e9diter, modifier, modifier, publier, transmettre, afficher, incorporer, traduire, extraire et distribuer aux fins Du site et de toute utilisation ou promotion associ\u00e9e, tout ce que vous publiez sur des zones accessibles au public de ce site sans frais pour&nbsp;<strong>KING365TV<\/strong>&nbsp;. Vous renoncez \u00e9galement \u00e0 tous les droits moraux que vous, en tant qu\u2019auteur, ont, ou pourraient avoir \u00e0 l\u2019avenir, par rapport \u00e0 la m\u00eame chose.<\/p>\n\n\n\n<h3 class=\"wp-block-heading\">INFRACTION AU CONTENU<\/h3>\n\n\n\n<p>Si vous r\u00e9sidez \u00e0 l\u2019ext\u00e9rieur du FRANCE et croyez que tout ce qui est affich\u00e9 sur ce site offenserait votre droit d\u2019auteur ou d\u2019autres droits de propri\u00e9t\u00e9 intellectuelle, il est diffamatoire ou viole vos droits, vous pouvez envoyer un courriel \u00e0&nbsp;<strong>KING365TV<\/strong>&nbsp;\u00e0 l\u2019adresse \u00e9lectronique ci-dessous. Nous allons prendre des mesures que nous estimons appropri\u00e9es dans les circonstances.<\/p>\n\n\n\n<h3 class=\"wp-block-heading\">CONTENU EN INFRACTION \u2013 AVIS DE DMCA<\/h3>\n\n\n\n<p>Si vous r\u00e9sidez \u00e0 l\u2019int\u00e9rieur du FRANCE et croyez que tout ce qui est affich\u00e9 sur ce site offensera votre droit d\u2019auteur, vous pouvez envoyer un courriel \u00e0&nbsp;<strong>KING365TV<\/strong>&nbsp;\u00e0 l\u2019adresse&nbsp;contact@king-365.co. Nous allons prendre des mesures que nous croyons appropri\u00e9es dans les circonstances, y compris en supprimant le mat\u00e9riel et en contactant la personne qui l\u2019a post\u00e9, pour leur donner l\u2019option de d\u00e9poser une contre-notification. Nous pouvons restaurer le mat\u00e9riel si nous recevons une contre-notification. Si vous m\u00e9prisez significativement que tout mat\u00e9riel est contraire \u00e0 votre droit d\u2019auteur, vous pourriez \u00eatre responsable des dommages, y compris les frais judiciaires et les frais juridiques.<\/p>\n\n\n\n<p>Une notification de l\u2019infraction demand\u00e9e doit \u00eatre une communication \u00e9crite fournie \u00e0&nbsp;<strong>KING365TV<\/strong>&nbsp;qui comprend essentiellement les \u00e9l\u00e9ments suivants&nbsp;:<br>1.Une signature physique ou \u00e9lectronique d\u2019une personne autoris\u00e9e \u00e0 agir pour le compte du propri\u00e9taire d\u2019un droit exclusif qui aurait \u00e9t\u00e9 viol\u00e9.<br>2. L\u2019identification de l\u2019\u0153uvre prot\u00e9g\u00e9e par le droit d\u2019auteur pr\u00e9tend avoir \u00e9t\u00e9 viol\u00e9e.<br>3. L\u2019identification du mat\u00e9riel qui est cens\u00e9 porter atteinte ou faire l\u2019objet d\u2019une infraction et qui doit \u00eatre supprim\u00e9 ou l\u2019acc\u00e8s \u00e0 qui doit \u00eatre d\u00e9sactiv\u00e9 et des informations raisonnablement suffisantes pour permettre \u00e0&nbsp;<strong>KING365TV<\/strong>&nbsp;de localiser le mat\u00e9riel.<br>4. Des informations raisonnablement suffisantes pour permettre \u00e0&nbsp;<strong>KING365TV<\/strong>&nbsp;de contacter la partie plaignante, comme une adresse, un num\u00e9ro de t\u00e9l\u00e9phone et, le cas \u00e9ch\u00e9ant, une adresse de courrier \u00e9lectronique \u00e0 laquelle la partie plaignante peut \u00eatre contact\u00e9e.<br>5. Une d\u00e9claration selon laquelle la partie plaignante croit de bonne foi que l\u2019utilisation du mat\u00e9riel de la mani\u00e8re d\u00e9nonc\u00e9e n\u2019est pas autoris\u00e9e par le titulaire du droit d\u2019auteur, son agent ou la loi.<br>6. Une d\u00e9claration selon laquelle les informations contenues dans la notification sont exactes et sous peine de parjure que la partie plaignante est autoris\u00e9e \u00e0 agir au nom du titulaire d\u2019un droit exclusif qui aurait \u00e9t\u00e9 viol\u00e9.<\/p>\n\n\n\n<h3 class=\"wp-block-heading\">LOGIN ID\u2019S AND PASSWORDS<\/h3>\n\n\n\n<p>Votre acc\u00e8s \u00e0 des parties du site n\u00e9cessite un identifiant et un mot de passe. Il est de votre responsabilit\u00e9 de prot\u00e9ger ces informations, y compris, sans s\u2019y limiter, d\u2019utiliser des mots de passe efficaces qui ne sont pas facilement devin\u00e9s ou d\u00e9tectables, et que les identifiants de connexion et les mots de passe sont confidentiels. Vous ne pouvez pas utiliser une ID de connexion qui sugg\u00e8re que vous \u00eates quelqu\u2019un que vous n\u2019\u00eates pas. Vous \u00eates responsable de toute activit\u00e9 qui se produit sous votre identifiant de connexion. Vous informerez imm\u00e9diatement&nbsp;<strong>KING365TV<\/strong>&nbsp;si vous d\u00e9couvrez un compromis de vos mots de passe ou si vous soup\u00e7onnez une utilisation non autoris\u00e9e du site en utilisant votre identit\u00e9.<\/p>\n\n\n\n<h3 class=\"wp-block-heading\">LIMITATION<\/h3>\n\n\n\n<p>Toutes les promesses faites par&nbsp;<strong>KING365TV<\/strong>&nbsp;sont contenues dans cet accord. Aucune promesse implicite pr\u00e9vue par la loi (qu\u2019il s\u2019agisse de garanties, de conditions, de repr\u00e9sentations ou autrement, que ce soit en ce qui a trait \u00e0 la qualit\u00e9 marchande, la forme physique, la non-contrefa\u00e7on ou autrement) s\u2019applique.<\/p>\n\n\n\n<p>Vous ne pouvez pas percevoir des dommages de&nbsp;<strong>KING365TV<\/strong>&nbsp;pour quelque raison que ce soit (que ce soit en vertu de r\u00e8gles l\u00e9gales de contrat, de responsabilit\u00e9 d\u00e9lictuelle, de n\u00e9gligence, de responsabilit\u00e9 stricte, d\u2019application de la loi ou autrement) qui ne sont pas des dommages directs ou d\u00e9passent le montant pay\u00e9 par-vous \u00e0&nbsp;<strong>KING365TV<\/strong>&nbsp;ci-dessous pour tout produit ou Les services dont la demande provient.<\/p>\n\n\n\n<p><strong>KING365TV<\/strong>&nbsp;s\u2019appuie sur ces limitations lors de la saisie de cet accord et en fixant ses honoraires. Ils constituent une partie essentielle et essentielle de notre arrangement et s\u2019appliquent m\u00eame si cet accord a \u00e9chou\u00e9 dans son but fondamental ou essentiel ou a \u00e9t\u00e9 fondamentalement viol\u00e9.<\/p>\n\n\n\n<h3 class=\"wp-block-heading\">DROIT APPLICABLE<\/h3>\n\n\n\n<p>Ce site est r\u00e9gi par les lois de la province de l\u2019Ontario, \u00e0 l\u2019exclusion des conflits de dispositions l\u00e9gales et \u00e0 l\u2019exclusion de la Convention des Nations Unies sur les contrats de vente internationale de marchandises. Toute action en justice contre&nbsp;<strong>KING365TV<\/strong>&nbsp;doit avoir lieu devant les tribunaux de la province de l\u2019Ontario. Les parties attestent de la comp\u00e9tence non exclusive des tribunaux de la province de l\u2019Ontario.<\/p>\n\n\n\n<h3 class=\"wp-block-heading\">DES LIENS<\/h3>\n\n\n\n<p>Les sites tiers li\u00e9s \u00e0 ce site ne sont pas sous le contr\u00f4le de&nbsp;<strong>KING365TV<\/strong>&nbsp;.&nbsp;<strong>KING365TV<\/strong>&nbsp;ne vend pas lui-m\u00eame de biens ou de services \u00e0 ses utilisateurs. Le site comprend des liens vers des tiers aupr\u00e8s desquels vous pouvez acheter des articles.&nbsp;<strong>KING365TV<\/strong>&nbsp;n\u2019est responsable de rien sur les sites li\u00e9s, y compris, sans limitation, tout contenu, les liens vers d\u2019autres sites, les modifications apport\u00e9es \u00e0 ces sites ou les politiques que ces sites peuvent avoir.&nbsp;<strong>KING365TV<\/strong>&nbsp;ne respecte pas non plus les aspects ou les services que vous pouvez acheter sur ces sites.&nbsp;<strong>KING365TV<\/strong>&nbsp;fournit des liens comme une commodit\u00e9 uniquement et ces liens n\u2019impliquent aucun endossement par&nbsp;<strong>KING365TV<\/strong>&nbsp;de ces sites.<\/p>\n\n\n\n<h3 class=\"wp-block-heading\">CONFIDENTIALIT\u00c9<\/h3>\n\n\n\n<p>Consultez notre Politique de confidentialit\u00e9, qui est int\u00e9gr\u00e9e par renvoi dans les pr\u00e9sentes conditions d\u2019utilisation.<\/p>\n\n\n\n<h3 class=\"wp-block-heading\">NON OFFRE \u00c0 VENDRE<\/h3>\n\n\n\n<p>Ce site est uniquement \u00e0 des fins d\u2019information et rien de pr\u00e9sent dans le pr\u00e9sent document ne constitue une offre \u00e0 vendre.<\/p>\n\n\n\n<h3 class=\"wp-block-heading\">CHANGEMENT DE CES CONDITIONS<\/h3>\n\n\n\n<p><strong>KING365TV<\/strong>&nbsp;peut modifier ces termes en publiant un avis sur son site. Ces termes ont \u00e9t\u00e9 r\u00e9vis\u00e9s pour la derni\u00e8re fois le 12 mars 2022.<\/p>\n\n\n\n<h3 class=\"wp-block-heading\">Guarantees<\/h3>\n\n\n\n<p>Rien sur ce site n\u2019est destin\u00e9 \u00e0 \u00eatre une offre de vente de titres&nbsp;<strong>KING365TV<\/strong>&nbsp;au public.<\/p>\n\n\n\n<h3 class=\"wp-block-heading\">CONTACT&nbsp;<strong>KING365TV<\/strong><\/h3>\n\n\n\n<p><strong>KING365TV<\/strong>&nbsp;peut \u00eatre contact\u00e9 \u00e0&nbsp;contact@king-365.co<\/p>","protected":false},"excerpt":{"rendered":"<p>Bienvenue chez KING365TV!. Ces termes et conditions d\u00e9crivent les r\u00e8gles et les r\u00e8glements pour l\u2019utilisation du site Web de&nbsp;KING365TV. En [&hellip;]<\/p>","protected":false},"author":1,"featured_media":0,"parent":0,"menu_order":0,"comment_status":"closed","ping_status":"closed","template":"","meta":{"two_page_speed":{"current_score":{"desktop_score":97,"desktop_tti":"0.7\u00a0","mobile_score":98,"mobile_tti":"2.5\u00a0","date":"22.02.2024 06:05:49 pm","status":"error_no_score"}}},"yoast_head":"<!-- This site is optimized with the Yoast SEO plugin v20.7 - https:\/\/yoast.com\/wordpress\/plugins\/seo\/ -->\n<title>Conditions d\u2019utilisation - king365tv<\/title>\n<meta name=\"robots\" content=\"index, follow, max-snippet:-1, max-image-preview:large, max-video-preview:-1\" \/>\n<link rel=\"canonical\" href=\"https:\/\/king-365.co\/en\/conditions-dutilisation\/\" \/>\n<meta property=\"og:locale\" content=\"en_US\" \/>\n<meta property=\"og:type\" content=\"article\" \/>\n<meta property=\"og:title\" content=\"Conditions d\u2019utilisation - king365tv\" \/>\n<meta property=\"og:description\" content=\"Bienvenue chez KING365TV!. Ces termes et conditions d\u00e9crivent les r\u00e8gles et les r\u00e8glements pour l\u2019utilisation du site Web de&nbsp;KING365TV. En [&hellip;]\" \/>\n<meta property=\"og:url\" content=\"https:\/\/king-365.co\/en\/conditions-dutilisation\/\" \/>\n<meta property=\"og:site_name\" content=\"king365tv\" \/>\n<meta property=\"article:modified_time\" content=\"2025-11-02T00:31:32+00:00\" \/>\n<meta name=\"twitter:card\" content=\"summary_large_image\" \/>\n<meta name=\"twitter:label1\" content=\"Est. reading time\" \/>\n\t<meta name=\"twitter:data1\" content=\"9 minutes\" \/>\n<script type=\"application\/ld+json\" class=\"yoast-schema-graph\">{\"@context\":\"https:\/\/schema.org\",\"@graph\":[{\"@type\":\"WebPage\",\"@id\":\"https:\/\/king-365.co\/conditions-dutilisation\/\",\"url\":\"https:\/\/king-365.co\/conditions-dutilisation\/\",\"name\":\"Conditions d\u2019utilisation - king365tv\",\"isPartOf\":{\"@id\":\"https:\/\/king-365.co\/#website\"},\"datePublished\":\"2023-04-10T04:04:03+00:00\",\"dateModified\":\"2025-11-02T00:31:32+00:00\",\"breadcrumb\":{\"@id\":\"https:\/\/king-365.co\/conditions-dutilisation\/#breadcrumb\"},\"inLanguage\":\"en-US\",\"potentialAction\":[{\"@type\":\"ReadAction\",\"target\":[\"https:\/\/king-365.co\/conditions-dutilisation\/\"]}]},{\"@type\":\"BreadcrumbList\",\"@id\":\"https:\/\/king-365.co\/conditions-dutilisation\/#breadcrumb\",\"itemListElement\":[{\"@type\":\"ListItem\",\"position\":1,\"name\":\"Accueil\",\"item\":\"https:\/\/king-365.co\/\"},{\"@type\":\"ListItem\",\"position\":2,\"name\":\"Conditions d\u2019utilisation\"}]},{\"@type\":\"WebSite\",\"@id\":\"https:\/\/king-365.co\/#website\",\"url\":\"https:\/\/king-365.co\/\",\"name\":\"king365tv\",\"description\":\"\",\"potentialAction\":[{\"@type\":\"SearchAction\",\"target\":{\"@type\":\"EntryPoint\",\"urlTemplate\":\"https:\/\/king-365.co\/?s={search_term_string}\"},\"query-input\":\"required name=search_term_string\"}],\"inLanguage\":\"en-US\"}]}<\/script>\n<!-- \/ Yoast SEO plugin. -->","yoast_head_json":{"title":"Conditions d\u2019utilisation - king365tv","robots":{"index":"index","follow":"follow","max-snippet":"max-snippet:-1","max-image-preview":"max-image-preview:large","max-video-preview":"max-video-preview:-1"},"canonical":"https:\/\/king-365.co\/en\/conditions-dutilisation\/","og_locale":"en_US","og_type":"article","og_title":"Conditions d\u2019utilisation - king365tv","og_description":"Bienvenue chez KING365TV!. Ces termes et conditions d\u00e9crivent les r\u00e8gles et les r\u00e8glements pour l\u2019utilisation du site Web de&nbsp;KING365TV. En [&hellip;]","og_url":"https:\/\/king-365.co\/en\/conditions-dutilisation\/","og_site_name":"king365tv","article_modified_time":"2025-11-02T00:31:32+00:00","twitter_card":"summary_large_image","twitter_misc":{"Est. reading time":"9 minutes"},"schema":{"@context":"https:\/\/schema.org","@graph":[{"@type":"WebPage","@id":"https:\/\/king-365.co\/conditions-dutilisation\/","url":"https:\/\/king-365.co\/conditions-dutilisation\/","name":"Conditions d\u2019utilisation - king365tv","isPartOf":{"@id":"https:\/\/king-365.co\/#website"},"datePublished":"2023-04-10T04:04:03+00:00","dateModified":"2025-11-02T00:31:32+00:00","breadcrumb":{"@id":"https:\/\/king-365.co\/conditions-dutilisation\/#breadcrumb"},"inLanguage":"en-US","potentialAction":[{"@type":"ReadAction","target":["https:\/\/king-365.co\/conditions-dutilisation\/"]}]},{"@type":"BreadcrumbList","@id":"https:\/\/king-365.co\/conditions-dutilisation\/#breadcrumb","itemListElement":[{"@type":"ListItem","position":1,"name":"Accueil","item":"https:\/\/king-365.co\/"},{"@type":"ListItem","position":2,"name":"Conditions d\u2019utilisation"}]},{"@type":"WebSite","@id":"https:\/\/king-365.co\/#website","url":"https:\/\/king-365.co\/","name":"king365tv","description":"","potentialAction":[{"@type":"SearchAction","target":{"@type":"EntryPoint","urlTemplate":"https:\/\/king-365.co\/?s={search_term_string}"},"query-input":"required name=search_term_string"}],"inLanguage":"en-US"}]}},"_links":{"self":[{"href":"https:\/\/king-365.co\/en\/wp-json\/wp\/v2\/pages\/9890"}],"collection":[{"href":"https:\/\/king-365.co\/en\/wp-json\/wp\/v2\/pages"}],"about":[{"href":"https:\/\/king-365.co\/en\/wp-json\/wp\/v2\/types\/page"}],"author":[{"embeddable":true,"href":"https:\/\/king-365.co\/en\/wp-json\/wp\/v2\/users\/1"}],"replies":[{"embeddable":true,"href":"https:\/\/king-365.co\/en\/wp-json\/wp\/v2\/comments?post=9890"}],"version-history":[{"count":1,"href":"https:\/\/king-365.co\/en\/wp-json\/wp\/v2\/pages\/9890\/revisions"}],"predecessor-version":[{"id":10689,"href":"https:\/\/king-365.co\/en\/wp-json\/wp\/v2\/pages\/9890\/revisions\/10689"}],"wp:attachment":[{"href":"https:\/\/king-365.co\/en\/wp-json\/wp\/v2\/media?parent=9890"}],"curies":[{"name":"wp","href":"https:\/\/api.w.org\/{rel}","templated":true}]}}