{"id":9887,"date":"2023-04-10T04:01:53","date_gmt":"2023-04-10T04:01:53","guid":{"rendered":"https:\/\/king-365.co\/?page_id=9887"},"modified":"2025-11-01T16:11:53","modified_gmt":"2025-11-01T16:11:53","slug":"politique-de-remboursement","status":"publish","type":"page","link":"https:\/\/king-365.co\/en\/politique-de-remboursement\/","title":{"rendered":"Refund policy"},"content":{"rendered":"<p>Veuillez lire attentivement ces r\u00e8gles. Il s\u2019agit de la politique de remboursement . Cette politique de remboursement est autoris\u00e9e sous les termes de King365TV.<\/p>\n\n\n\n<h2 class=\"wp-block-heading\">Refund policy<\/h2>\n\n\n\n<p>Nous croyons fermement en notre produit et le soutenons \u00e0 100%, mais nous comprenons qu\u2019il ne peut pas fonctionner parfaitement pour tout le monde \u00e0 tout moment de nombreuses variables peuvent affecter les performances des connexions. Si vous n\u2019\u00eates pas satisfait de votre achat ou si vous rencontrez un probl\u00e8me que nous ne pouvons pas r\u00e9soudre et qui rend le syst\u00e8me inutilisable, nous serons heureux de vous fournir un remboursement int\u00e9gral dans les 15 jours suivant votre achat initial et aucun autre fournisseur IPTV ne donnera vous les m\u00eames conditions que nous.<\/p>\n\n\n\n<h2 class=\"wp-block-heading\">Quelques conditions:<\/h2>\n\n\n\n<p>Nous ne pouvons pas rembourser en raison de probl\u00e8mes techniques li\u00e9 \u00e0 votre \u00e9quipement, sauf si vous nous autorisez \u00e0 bien vous aider et \u00e0 suivre nos instructions. Si nous ne pouvons pas r\u00e9soudre le probl\u00e8me pour vous, nous vous rembourserons plus vous devez nous fournir des preveus que le produit ne fontionne pas bien pr\u00e9f\u00e9reble une video. Veuillez nous contacter avant de demander un remboursement pour un probl\u00e8me technique, et laissez nos \u00e9quipes vous aider nous r\u00e9pondons toujours aux e-mails dans les 12 heures Max.<\/p>\n\n\n\n<h4 class=\"wp-block-heading\"><strong>Attention : Ne pas faire un litige aupr\u00e8s de votre banque ou Paypal pour recevoir votre Remboursement car nous serons dans l\u2019obligation de communiquer la nature de votre achat \u00e0 votre banque\u00a0ce qui vous expose \u00e0 des risques d\u2019amande jusqu\u2019\u00e0 l\u2019ordre de 3000 \u20ac<\/strong>\u00a0par Hadopi<\/h4>\n\n\n\n<p><strong>Une fois que vous avez demand\u00e9 un remboursement, vous ne pouvez plus vous abonner \u00e0 notre service car votre adresse MAC sera bannis !<\/strong><\/p>","protected":false},"excerpt":{"rendered":"<p>Veuillez lire attentivement ces r\u00e8gles. Il s\u2019agit de la politique de remboursement . Cette politique de remboursement est autoris\u00e9e sous [&hellip;]<\/p>","protected":false},"author":1,"featured_media":0,"parent":0,"menu_order":0,"comment_status":"closed","ping_status":"closed","template":"","meta":{"two_page_speed":{"current_score":{"desktop_score":98,"desktop_tti":"0.8\u00a0","mobile_score":98,"mobile_tti":"3.0\u00a0","date":"05.12.2023 10:23:45 pm","status":"error_no_score"}}},"yoast_head":"<!-- This site is optimized with the Yoast SEO plugin v20.7 - https:\/\/yoast.com\/wordpress\/plugins\/seo\/ -->\n<title>Politique de remboursement - king365tv<\/title>\n<meta name=\"robots\" content=\"index, follow, max-snippet:-1, max-image-preview:large, max-video-preview:-1\" \/>\n<link rel=\"canonical\" href=\"https:\/\/king-365.co\/en\/politique-de-remboursement\/\" \/>\n<meta property=\"og:locale\" content=\"en_US\" \/>\n<meta property=\"og:type\" content=\"article\" \/>\n<meta property=\"og:title\" content=\"Politique de remboursement - king365tv\" \/>\n<meta property=\"og:description\" content=\"Veuillez lire attentivement ces r\u00e8gles. Il s\u2019agit de la politique de remboursement . Cette politique de remboursement est autoris\u00e9e sous [&hellip;]\" \/>\n<meta property=\"og:url\" content=\"https:\/\/king-365.co\/en\/politique-de-remboursement\/\" \/>\n<meta property=\"og:site_name\" content=\"king365tv\" \/>\n<meta property=\"article:modified_time\" content=\"2025-11-01T16:11:53+00:00\" \/>\n<meta name=\"twitter:card\" content=\"summary_large_image\" \/>\n<meta name=\"twitter:label1\" content=\"Est. reading time\" \/>\n\t<meta name=\"twitter:data1\" content=\"1 minute\" \/>\n<script type=\"application\/ld+json\" class=\"yoast-schema-graph\">{\"@context\":\"https:\/\/schema.org\",\"@graph\":[{\"@type\":\"WebPage\",\"@id\":\"https:\/\/king-365.co\/politique-de-remboursement\/\",\"url\":\"https:\/\/king-365.co\/politique-de-remboursement\/\",\"name\":\"Politique de remboursement - king365tv\",\"isPartOf\":{\"@id\":\"https:\/\/king-365.co\/#website\"},\"datePublished\":\"2023-04-10T04:01:53+00:00\",\"dateModified\":\"2025-11-01T16:11:53+00:00\",\"breadcrumb\":{\"@id\":\"https:\/\/king-365.co\/politique-de-remboursement\/#breadcrumb\"},\"inLanguage\":\"en-US\",\"potentialAction\":[{\"@type\":\"ReadAction\",\"target\":[\"https:\/\/king-365.co\/politique-de-remboursement\/\"]}]},{\"@type\":\"BreadcrumbList\",\"@id\":\"https:\/\/king-365.co\/politique-de-remboursement\/#breadcrumb\",\"itemListElement\":[{\"@type\":\"ListItem\",\"position\":1,\"name\":\"Accueil\",\"item\":\"https:\/\/king-365.co\/\"},{\"@type\":\"ListItem\",\"position\":2,\"name\":\"Politique de remboursement\"}]},{\"@type\":\"WebSite\",\"@id\":\"https:\/\/king-365.co\/#website\",\"url\":\"https:\/\/king-365.co\/\",\"name\":\"king365tv\",\"description\":\"\",\"potentialAction\":[{\"@type\":\"SearchAction\",\"target\":{\"@type\":\"EntryPoint\",\"urlTemplate\":\"https:\/\/king-365.co\/?s={search_term_string}\"},\"query-input\":\"required name=search_term_string\"}],\"inLanguage\":\"en-US\"}]}<\/script>\n<!-- \/ Yoast SEO plugin. -->","yoast_head_json":{"title":"Politique de remboursement - king365tv","robots":{"index":"index","follow":"follow","max-snippet":"max-snippet:-1","max-image-preview":"max-image-preview:large","max-video-preview":"max-video-preview:-1"},"canonical":"https:\/\/king-365.co\/en\/politique-de-remboursement\/","og_locale":"en_US","og_type":"article","og_title":"Politique de remboursement - king365tv","og_description":"Veuillez lire attentivement ces r\u00e8gles. Il s\u2019agit de la politique de remboursement . Cette politique de remboursement est autoris\u00e9e sous [&hellip;]","og_url":"https:\/\/king-365.co\/en\/politique-de-remboursement\/","og_site_name":"king365tv","article_modified_time":"2025-11-01T16:11:53+00:00","twitter_card":"summary_large_image","twitter_misc":{"Est. reading time":"1 minute"},"schema":{"@context":"https:\/\/schema.org","@graph":[{"@type":"WebPage","@id":"https:\/\/king-365.co\/politique-de-remboursement\/","url":"https:\/\/king-365.co\/politique-de-remboursement\/","name":"Politique de remboursement - king365tv","isPartOf":{"@id":"https:\/\/king-365.co\/#website"},"datePublished":"2023-04-10T04:01:53+00:00","dateModified":"2025-11-01T16:11:53+00:00","breadcrumb":{"@id":"https:\/\/king-365.co\/politique-de-remboursement\/#breadcrumb"},"inLanguage":"en-US","potentialAction":[{"@type":"ReadAction","target":["https:\/\/king-365.co\/politique-de-remboursement\/"]}]},{"@type":"BreadcrumbList","@id":"https:\/\/king-365.co\/politique-de-remboursement\/#breadcrumb","itemListElement":[{"@type":"ListItem","position":1,"name":"Accueil","item":"https:\/\/king-365.co\/"},{"@type":"ListItem","position":2,"name":"Politique de remboursement"}]},{"@type":"WebSite","@id":"https:\/\/king-365.co\/#website","url":"https:\/\/king-365.co\/","name":"king365tv","description":"","potentialAction":[{"@type":"SearchAction","target":{"@type":"EntryPoint","urlTemplate":"https:\/\/king-365.co\/?s={search_term_string}"},"query-input":"required name=search_term_string"}],"inLanguage":"en-US"}]}},"_links":{"self":[{"href":"https:\/\/king-365.co\/en\/wp-json\/wp\/v2\/pages\/9887"}],"collection":[{"href":"https:\/\/king-365.co\/en\/wp-json\/wp\/v2\/pages"}],"about":[{"href":"https:\/\/king-365.co\/en\/wp-json\/wp\/v2\/types\/page"}],"author":[{"embeddable":true,"href":"https:\/\/king-365.co\/en\/wp-json\/wp\/v2\/users\/1"}],"replies":[{"embeddable":true,"href":"https:\/\/king-365.co\/en\/wp-json\/wp\/v2\/comments?post=9887"}],"version-history":[{"count":1,"href":"https:\/\/king-365.co\/en\/wp-json\/wp\/v2\/pages\/9887\/revisions"}],"predecessor-version":[{"id":10680,"href":"https:\/\/king-365.co\/en\/wp-json\/wp\/v2\/pages\/9887\/revisions\/10680"}],"wp:attachment":[{"href":"https:\/\/king-365.co\/en\/wp-json\/wp\/v2\/media?parent=9887"}],"curies":[{"name":"wp","href":"https:\/\/api.w.org\/{rel}","templated":true}]}}