{"id":9884,"date":"2023-04-10T04:00:23","date_gmt":"2023-04-10T04:00:23","guid":{"rendered":"https:\/\/king-365.co\/?page_id=9884"},"modified":"2025-11-01T19:13:12","modified_gmt":"2025-11-01T19:13:12","slug":"politique-de-confidentialite","status":"publish","type":"page","link":"https:\/\/king-365.co\/en\/politique-de-confidentialite\/","title":{"rendered":"Privacy Policy"},"content":{"rendered":"<h2 class=\"wp-block-heading\"><strong>Collecte des renseignements personnels<\/strong><\/h2>\n\n\n\n<p>Nous collectons les renseignements suivants :<\/p>\n\n\n\n<ul>\n<li>Nom<\/li>\n\n\n\n<li>Pr\u00e9nom<\/li>\n\n\n\n<li>Adresse postale<\/li>\n\n\n\n<li>Code postal<\/li>\n\n\n\n<li>Adresse \u00e9lectronique<\/li>\n\n\n\n<li>Num\u00e9ro de t\u00e9l\u00e9phone \/ t\u00e9l\u00e9copieur<\/li>\n\n\n\n<li>Genre \/ Sexe<\/li>\n\n\n\n<li>\u00c2ge \/ Date de naissance<\/li>\n<\/ul>\n\n\n\n<p>Les renseignements personnels que nous collectons sont recueillis au travers de formulaires et gr\u00e2ce \u00e0 l\u2019interactivit\u00e9 \u00e9tablie entre vous et notre site Web. Nous utilisons \u00e9galement, comme indiqu\u00e9 dans la section suivante, des fichiers t\u00e9moins et\/ou journaux pour r\u00e9unir des informations vous concernant.<\/p>\n\n\n\n<h2 class=\"wp-block-heading\"><strong>Formulaires&nbsp;et interactivit\u00e9:<\/strong><\/h2>\n\n\n\n<p>Vos renseignements personnels sont collect\u00e9s par le biais de formulaire, \u00e0 savoir :<\/p>\n\n\n\n<ul>\n<li>Formulaire d\u2019inscription au site Web<\/li>\n\n\n\n<li>Formulaire de commande<\/li>\n<\/ul>\n\n\n\n<p>Nous utilisons les renseignements ainsi collect\u00e9s pour les finalit\u00e9s suivantes:<\/p>\n\n\n\n<ul>\n<li>Suivi de la commande<\/li>\n\n\n\n<li>Contact<\/li>\n<\/ul>\n\n\n\n<p>Vos renseignements sont \u00e9galement collect\u00e9s par le biais de l\u2019interactivit\u00e9 pouvant s\u2019\u00e9tablir entre vous et notre site Web et ce, de la fa\u00e7on suivante&nbsp;:<\/p>\n\n\n\n<p>Nous utilisons les renseignements ainsi collect\u00e9s pour les finalit\u00e9s suivantes :<\/p>\n\n\n\n<ul>\n<li>Commentaires<\/li>\n<\/ul>\n\n\n\n<h2 class=\"wp-block-heading\"><strong>Droit d\u2019opposition et de retrait<\/strong><\/h2>\n\n\n\n<p>Nous nous engageons \u00e0 vous offrir un droit d\u2019opposition et de retrait quant \u00e0 vos renseignements personnels.<br>Le droit d\u2019opposition s\u2019entend comme \u00e9tant la possibilit\u00e9 offerte aux internautes de refuser que leurs renseignements personnels soient utilis\u00e9s \u00e0 certaines fins mentionn\u00e9es lors de la collecte.<\/p>\n\n\n\n<p>Le droit de retrait s\u2019entend comme \u00e9tant la possibilit\u00e9 offerte aux internautes de demander \u00e0 ce que leurs renseignements personnels ne figurent plus, par exemple, dans une liste de diffusion.<\/p>\n\n\n\n<p>Pour pouvoir exercer ces droits, vous pouvez :<br>Courriel :\u00a0contact@king-365.co<br>Section du site web : king-365.co<\/p>\n\n\n\n<h2 class=\"wp-block-heading\"><strong>Droit d\u2019acc\u00e8s<\/strong><\/h2>\n\n\n\n<p>Nous nous engageons \u00e0 reconna\u00eetre un droit d\u2019acc\u00e8s et de rectification aux personnes concern\u00e9es d\u00e9sireuses de consulter, modifier, voire radier les informations les concernant.<br>L\u2019exercice de ce droit se fera :<br>Courriel :\u00a0contact@king-365.co<br>Section du site web :\u00a0king-365.co<\/p>\n\n\n\n<h2 class=\"wp-block-heading\"><strong>S\u00e9curit\u00e9<\/strong><\/h2>\n\n\n\n<p>Les renseignements personnels que nous collectons sont conserv\u00e9s dans un environnement s\u00e9curis\u00e9. Les personnes travaillant pour nous sont tenues de respecter la confidentialit\u00e9 de vos informations.<br>Pour assurer la s\u00e9curit\u00e9 de vos renseignements personnels, nous avons recours aux mesures suivantes :<\/p>\n\n\n\n<ul>\n<li>Protocole SSL (Secure Sockets Layer)<\/li>\n\n\n\n<li>Protocole SET (Secure Electronic Transaction)<\/li>\n\n\n\n<li>Gestion des acc\u00e8s \u2013 personne autoris\u00e9e<\/li>\n\n\n\n<li>Gestion des acc\u00e8s \u2013 personne concern\u00e9e<\/li>\n\n\n\n<li>Logiciel de surveillance du r\u00e9seau<\/li>\n\n\n\n<li>Sauvegarde informatique<\/li>\n\n\n\n<li>D\u00e9veloppement de certificat num\u00e9rique<\/li>\n\n\n\n<li>Identifiant \/ mot de passe<\/li>\n\n\n\n<li>Pare-feu (Firewalls)<\/li>\n<\/ul>\n\n\n\n<p>Nous nous engageons \u00e0 maintenir un haut degr\u00e9 de confidentialit\u00e9 en int\u00e9grant les derni\u00e8res innovations technologiques permettant d\u2019assurer la confidentialit\u00e9 de vos transactions. Toutefois, comme aucun m\u00e9canisme n\u2019offre une s\u00e9curit\u00e9 maximale, une part de risque est toujours pr\u00e9sente lorsque l\u2019on utilise Internet pour transmettre des renseignements personnels.<\/p>","protected":false},"excerpt":{"rendered":"<p>Collecte des renseignements personnels Nous collectons les renseignements suivants : Les renseignements personnels que nous collectons sont recueillis au travers [&hellip;]<\/p>","protected":false},"author":1,"featured_media":0,"parent":0,"menu_order":0,"comment_status":"closed","ping_status":"closed","template":"","meta":{"two_page_speed":{"current_score":{"desktop_score":96,"desktop_tti":"0.8\u00a0","mobile_score":98,"mobile_tti":"3.1\u00a0","date":"05.12.2023 09:51:55 am","status":"error_no_score"}}},"yoast_head":"<!-- This site is optimized with the Yoast SEO plugin v20.7 - https:\/\/yoast.com\/wordpress\/plugins\/seo\/ -->\n<title>Politique de confidentialit\u00e9 - king365tv<\/title>\n<meta name=\"robots\" content=\"index, follow, max-snippet:-1, max-image-preview:large, max-video-preview:-1\" \/>\n<link rel=\"canonical\" href=\"https:\/\/king-365.co\/en\/politique-de-confidentialite\/\" \/>\n<meta property=\"og:locale\" content=\"en_US\" \/>\n<meta property=\"og:type\" content=\"article\" \/>\n<meta property=\"og:title\" content=\"Politique de confidentialit\u00e9 - king365tv\" \/>\n<meta property=\"og:description\" content=\"Collecte des renseignements personnels Nous collectons les renseignements suivants : Les renseignements personnels que nous collectons sont recueillis au travers [&hellip;]\" \/>\n<meta property=\"og:url\" content=\"https:\/\/king-365.co\/en\/politique-de-confidentialite\/\" \/>\n<meta property=\"og:site_name\" content=\"king365tv\" \/>\n<meta property=\"article:modified_time\" content=\"2025-11-01T19:13:12+00:00\" \/>\n<meta name=\"twitter:card\" content=\"summary_large_image\" \/>\n<meta name=\"twitter:label1\" content=\"Est. reading time\" \/>\n\t<meta name=\"twitter:data1\" content=\"2 minutes\" \/>\n<script type=\"application\/ld+json\" class=\"yoast-schema-graph\">{\"@context\":\"https:\/\/schema.org\",\"@graph\":[{\"@type\":\"WebPage\",\"@id\":\"https:\/\/king-365.co\/politique-de-confidentialite\/\",\"url\":\"https:\/\/king-365.co\/politique-de-confidentialite\/\",\"name\":\"Politique de confidentialit\u00e9 - king365tv\",\"isPartOf\":{\"@id\":\"https:\/\/king-365.co\/#website\"},\"datePublished\":\"2023-04-10T04:00:23+00:00\",\"dateModified\":\"2025-11-01T19:13:12+00:00\",\"breadcrumb\":{\"@id\":\"https:\/\/king-365.co\/politique-de-confidentialite\/#breadcrumb\"},\"inLanguage\":\"en-US\",\"potentialAction\":[{\"@type\":\"ReadAction\",\"target\":[\"https:\/\/king-365.co\/politique-de-confidentialite\/\"]}]},{\"@type\":\"BreadcrumbList\",\"@id\":\"https:\/\/king-365.co\/politique-de-confidentialite\/#breadcrumb\",\"itemListElement\":[{\"@type\":\"ListItem\",\"position\":1,\"name\":\"Accueil\",\"item\":\"https:\/\/king-365.co\/\"},{\"@type\":\"ListItem\",\"position\":2,\"name\":\"Politique de confidentialit\u00e9\"}]},{\"@type\":\"WebSite\",\"@id\":\"https:\/\/king-365.co\/#website\",\"url\":\"https:\/\/king-365.co\/\",\"name\":\"king365tv\",\"description\":\"\",\"potentialAction\":[{\"@type\":\"SearchAction\",\"target\":{\"@type\":\"EntryPoint\",\"urlTemplate\":\"https:\/\/king-365.co\/?s={search_term_string}\"},\"query-input\":\"required name=search_term_string\"}],\"inLanguage\":\"en-US\"}]}<\/script>\n<!-- \/ Yoast SEO plugin. -->","yoast_head_json":{"title":"Politique de confidentialit\u00e9 - king365tv","robots":{"index":"index","follow":"follow","max-snippet":"max-snippet:-1","max-image-preview":"max-image-preview:large","max-video-preview":"max-video-preview:-1"},"canonical":"https:\/\/king-365.co\/en\/politique-de-confidentialite\/","og_locale":"en_US","og_type":"article","og_title":"Politique de confidentialit\u00e9 - king365tv","og_description":"Collecte des renseignements personnels Nous collectons les renseignements suivants : Les renseignements personnels que nous collectons sont recueillis au travers [&hellip;]","og_url":"https:\/\/king-365.co\/en\/politique-de-confidentialite\/","og_site_name":"king365tv","article_modified_time":"2025-11-01T19:13:12+00:00","twitter_card":"summary_large_image","twitter_misc":{"Est. reading time":"2 minutes"},"schema":{"@context":"https:\/\/schema.org","@graph":[{"@type":"WebPage","@id":"https:\/\/king-365.co\/politique-de-confidentialite\/","url":"https:\/\/king-365.co\/politique-de-confidentialite\/","name":"Politique de confidentialit\u00e9 - king365tv","isPartOf":{"@id":"https:\/\/king-365.co\/#website"},"datePublished":"2023-04-10T04:00:23+00:00","dateModified":"2025-11-01T19:13:12+00:00","breadcrumb":{"@id":"https:\/\/king-365.co\/politique-de-confidentialite\/#breadcrumb"},"inLanguage":"en-US","potentialAction":[{"@type":"ReadAction","target":["https:\/\/king-365.co\/politique-de-confidentialite\/"]}]},{"@type":"BreadcrumbList","@id":"https:\/\/king-365.co\/politique-de-confidentialite\/#breadcrumb","itemListElement":[{"@type":"ListItem","position":1,"name":"Accueil","item":"https:\/\/king-365.co\/"},{"@type":"ListItem","position":2,"name":"Politique de confidentialit\u00e9"}]},{"@type":"WebSite","@id":"https:\/\/king-365.co\/#website","url":"https:\/\/king-365.co\/","name":"king365tv","description":"","potentialAction":[{"@type":"SearchAction","target":{"@type":"EntryPoint","urlTemplate":"https:\/\/king-365.co\/?s={search_term_string}"},"query-input":"required name=search_term_string"}],"inLanguage":"en-US"}]}},"_links":{"self":[{"href":"https:\/\/king-365.co\/en\/wp-json\/wp\/v2\/pages\/9884"}],"collection":[{"href":"https:\/\/king-365.co\/en\/wp-json\/wp\/v2\/pages"}],"about":[{"href":"https:\/\/king-365.co\/en\/wp-json\/wp\/v2\/types\/page"}],"author":[{"embeddable":true,"href":"https:\/\/king-365.co\/en\/wp-json\/wp\/v2\/users\/1"}],"replies":[{"embeddable":true,"href":"https:\/\/king-365.co\/en\/wp-json\/wp\/v2\/comments?post=9884"}],"version-history":[{"count":1,"href":"https:\/\/king-365.co\/en\/wp-json\/wp\/v2\/pages\/9884\/revisions"}],"predecessor-version":[{"id":10676,"href":"https:\/\/king-365.co\/en\/wp-json\/wp\/v2\/pages\/9884\/revisions\/10676"}],"wp:attachment":[{"href":"https:\/\/king-365.co\/en\/wp-json\/wp\/v2\/media?parent=9884"}],"curies":[{"name":"wp","href":"https:\/\/api.w.org\/{rel}","templated":true}]}}