{"id":9753,"date":"2023-04-09T01:54:54","date_gmt":"2023-04-09T01:54:54","guid":{"rendered":"https:\/\/king-365.co\/?page_id=9753"},"modified":"2025-10-31T19:28:21","modified_gmt":"2025-10-31T19:28:21","slug":"applications","status":"publish","type":"page","link":"https:\/\/king-365.co\/en\/applications\/","title":{"rendered":"Applications"},"content":{"rendered":"<section class=\"wpb-content-wrapper\"><div class=\"vc_row wpb_row vc_row-fluid vc_custom_1598634690169 vc_row-has-padding-top vc_row-has-padding-bottom vc_row-bg-position-top\"><div class=\"wpb_column vc_column_container vc_col-sm-12\"><div class=\"vc_column-inner vc_custom_1597665991208\"><div class=\"wpb_wrapper\"><header class=\"kd-section-title col-lg-12 text-center  subtitle-below-title kd-animated fadeIn   vc_custom_1681172313015\" data-animation-delay=\"200\"><h1 class=\"separator_off\" >Download<\/h1><h6 class=\"subtitle\" >KING365TV is a new way of watching TV that is being adopted by more and more people.<br \/>\nIt is a low-cost technology that allows you to access content in different ways.<\/h6><\/header><div class=\"vc_row wpb_row vc_inner vc_row-fluid vc_row-bg-position-top\"><div class=\"wpb_column vc_column_container vc_col-sm-6 vc_col-lg-6 vc_col-md-12\"><div class=\"vc_column-inner vc_custom_1598629229527 vc_custom_1598629229527 vc_custom_1598629229528 vc_custom_1598629229528\"><div class=\"wpb_wrapper\">\n\t<div  class=\"wpb_single_image wpb_content_element vc_align_center\">\n\t\t\n\t\t<figure class=\"wpb_wrapper vc_figure\">\n\t\t\t<div class=\"vc_single_image-wrapper vc_box_border  vc_box_border_grey\"><img width=\"150\" height=\"150\" src=\"https:\/\/king-365.co\/wp-content\/uploads\/2023\/04\/Screenshot-2023-04-11-at-00.24.59-150x150.png\" class=\"vc_single_image-img attachment-thumbnail\" alt=\"\" decoding=\"async\" loading=\"lazy\" title=\"Screenshot 2023-04-11 at 00.24.59\" srcset=\"https:\/\/king-365.co\/wp-content\/uploads\/2023\/04\/Screenshot-2023-04-11-at-00.24.59-150x150.png 150w, https:\/\/king-365.co\/wp-content\/uploads\/2023\/04\/Screenshot-2023-04-11-at-00.24.59-300x300.png 300w, https:\/\/king-365.co\/wp-content\/uploads\/2023\/04\/Screenshot-2023-04-11-at-00.24.59-12x12.png 12w, https:\/\/king-365.co\/wp-content\/uploads\/2023\/04\/Screenshot-2023-04-11-at-00.24.59-320x320.png 320w, https:\/\/king-365.co\/wp-content\/uploads\/2023\/04\/Screenshot-2023-04-11-at-00.24.59.png 534w\" sizes=\"(max-width: 150px) 100vw, 150px\" \/><\/div>\n\t\t<\/figure>\n\t<\/div>\n<header class=\"kd-section-title col-lg-12 text-center  subtitle-below-title kd-animated fadeIn   vc_custom_1681175822659\" data-animation-delay=\"200\"><h2 class=\"separator_off\" style=\"margin-bottom:30px;\">KING365TV<\/h2><h6 class=\"subtitle\" >Several IPTV applications have emerged and you will discover through this article the best of them, you can watch your favorite channels, all these applications ANDROID, IOS, AMAZON, WINDOWS are compatible with all devices, if you have any comments or questions do not hesitate to contact us via email, your satisfaction is our priority<\/h6><\/header><div class=\"kd-shapes shape_dots with-parallax kd-animated zoomIn\" style=\"top: 20px;left: -60px;width: 172px;height: 156px;\" data-parallax-speed=\"0.1\" data-animation-delay=\"400\"><\/div><div class=\"vc_empty_space\"   style=\"height: 50px\"><span class=\"vc_empty_space_inner\"><\/span><\/div><\/div><\/div><\/div><div class=\"wpb_column vc_column_container vc_col-sm-3 vc_col-lg-3 vc_col-md-6\"><div class=\"vc_column-inner vc_custom_1598614434431  vc_custom_1598614434432 vc_custom_1598614434432\"><div class=\"wpb_wrapper\">\n\t<div  class=\"wpb_single_image wpb_content_element vc_align_center\">\n\t\t\n\t\t<figure class=\"wpb_wrapper vc_figure\">\n\t\t\t<div class=\"vc_single_image-wrapper vc_box_circle  vc_box_border_grey\"><img width=\"150\" height=\"150\" src=\"https:\/\/king-365.co\/wp-content\/uploads\/2023\/04\/Screenshot-2023-04-11-at-00.24.59-150x150.png\" class=\"vc_single_image-img attachment-thumbnail\" alt=\"\" decoding=\"async\" loading=\"lazy\" title=\"Screenshot 2023-04-11 at 00.24.59\" srcset=\"https:\/\/king-365.co\/wp-content\/uploads\/2023\/04\/Screenshot-2023-04-11-at-00.24.59-150x150.png 150w, https:\/\/king-365.co\/wp-content\/uploads\/2023\/04\/Screenshot-2023-04-11-at-00.24.59-300x300.png 300w, https:\/\/king-365.co\/wp-content\/uploads\/2023\/04\/Screenshot-2023-04-11-at-00.24.59-12x12.png 12w, https:\/\/king-365.co\/wp-content\/uploads\/2023\/04\/Screenshot-2023-04-11-at-00.24.59-320x320.png 320w, https:\/\/king-365.co\/wp-content\/uploads\/2023\/04\/Screenshot-2023-04-11-at-00.24.59.png 534w\" sizes=\"(max-width: 150px) 100vw, 150px\" \/><\/div>\n\t\t<\/figure>\n\t<\/div>\n<div class=\"key-icon-box icon-default  cont-center ib-hover-1 with-shadow      kd-animated fadeInDown\" style=\"background-color: transparent;margin-bottom:30px;\" data-animation-delay=\"400\"><div class=\"ib-wrapper\" style=\"padding-top:40px;padding-bottom:40px;padding-left:35px;padding-right:35px;\"><h4 class=\"service-heading\" >King365tv V2<\/h4><div class=\"ib-button-wrapper\"><a class=\"tt_button tt_primary_button btn_primary_color hover_solid_primary\" href=\"https:\/\/bit.ly\/3wDcrZB\" target=\"_self\">Download<\/a><\/div><\/div><\/div><\/div><\/div><\/div><div class=\"wpb_column vc_column_container vc_col-sm-3 vc_col-lg-3 vc_col-md-6\"><div class=\"vc_column-inner\"><div class=\"wpb_wrapper\">\n\t<div  class=\"wpb_single_image wpb_content_element vc_align_center\">\n\t\t\n\t\t<figure class=\"wpb_wrapper vc_figure\">\n\t\t\t<div class=\"vc_single_image-wrapper vc_box_circle  vc_box_border_grey\"><img width=\"150\" height=\"150\" src=\"https:\/\/king-365.co\/wp-content\/uploads\/2023\/04\/Screenshot-2023-04-11-at-00.24.59-150x150.png\" class=\"vc_single_image-img attachment-thumbnail\" alt=\"\" decoding=\"async\" loading=\"lazy\" title=\"Screenshot 2023-04-11 at 00.24.59\" srcset=\"https:\/\/king-365.co\/wp-content\/uploads\/2023\/04\/Screenshot-2023-04-11-at-00.24.59-150x150.png 150w, https:\/\/king-365.co\/wp-content\/uploads\/2023\/04\/Screenshot-2023-04-11-at-00.24.59-300x300.png 300w, https:\/\/king-365.co\/wp-content\/uploads\/2023\/04\/Screenshot-2023-04-11-at-00.24.59-12x12.png 12w, https:\/\/king-365.co\/wp-content\/uploads\/2023\/04\/Screenshot-2023-04-11-at-00.24.59-320x320.png 320w, https:\/\/king-365.co\/wp-content\/uploads\/2023\/04\/Screenshot-2023-04-11-at-00.24.59.png 534w\" sizes=\"(max-width: 150px) 100vw, 150px\" \/><\/div>\n\t\t<\/figure>\n\t<\/div>\n<div class=\"key-icon-box icon-default  cont-center ib-hover-1 with-shadow      kd-animated fadeInDown\" style=\"background-color: transparent;margin-bottom:30px;\" data-animation-delay=\"400\"><div class=\"ib-wrapper\" style=\"padding-top:40px;padding-bottom:40px;padding-left:35px;padding-right:35px;\"><h4 class=\"service-heading\" >King365tv V3<\/h4><div class=\"ib-button-wrapper\"><a class=\"tt_button tt_primary_button btn_primary_color hover_solid_primary\" href=\"https:\/\/bit.ly\/3Y5wpWS\" target=\"_self\">Download<\/a><\/div><\/div><\/div><\/div><\/div><\/div><\/div><\/div><\/div><\/div><\/div><div data-vc-full-width=\"true\" data-vc-full-width-init=\"false\" data-vc-stretch-content=\"true\" class=\"vc_row wpb_row vc_row-fluid overflow-fix vc_custom_1599214530764 vc_row-has-padding-bottom vc_row-bg-position-top\"><div class=\"wpb_column vc_column_container vc_col-sm-12\"><div class=\"vc_column-inner   vc_custom_1598609688950 vc_custom_1598609688951\"><div class=\"wpb_wrapper\"><div class=\"vc_row wpb_row vc_inner vc_row-fluid vc_custom_1681175098378 vc_custom_1681175098379 vc_custom_1681175098381 vc_custom_1681175098382 vc_row-has-fill vc_row-has-padding-top vc_row-has-padding-bottom vc_row-main-color-overlay vc_row-bg-position-top\"><div class=\"wpb_column vc_column_container vc_col-sm-3 vc_col-lg-3 vc_col-md-6 vc_col-xs-12\"><div class=\"vc_column-inner vc_custom_1598612879768  vc_custom_1598612879769 vc_custom_1598612879770\"><div class=\"wpb_wrapper\">\n\t<div  class=\"wpb_single_image wpb_content_element vc_align_center\">\n\t\t\n\t\t<figure class=\"wpb_wrapper vc_figure\">\n\t\t\t<div class=\"vc_single_image-wrapper vc_box_rounded  vc_box_border_grey\"><img width=\"150\" height=\"150\" src=\"https:\/\/king-365.co\/wp-content\/uploads\/2023\/04\/4f007a8eaf1309b100affbca92e9f908f7c4113085b36312e4f02d2626e7cb98_200-150x150.webp\" class=\"vc_single_image-img attachment-thumbnail\" alt=\"\" decoding=\"async\" loading=\"lazy\" title=\"4f007a8eaf1309b100affbca92e9f908f7c4113085b36312e4f02d2626e7cb98_200\" srcset=\"https:\/\/king-365.co\/wp-content\/uploads\/2023\/04\/4f007a8eaf1309b100affbca92e9f908f7c4113085b36312e4f02d2626e7cb98_200-150x150.webp 150w, https:\/\/king-365.co\/wp-content\/uploads\/2023\/04\/4f007a8eaf1309b100affbca92e9f908f7c4113085b36312e4f02d2626e7cb98_200-12x12.webp 12w, https:\/\/king-365.co\/wp-content\/uploads\/2023\/04\/4f007a8eaf1309b100affbca92e9f908f7c4113085b36312e4f02d2626e7cb98_200.webp 200w\" sizes=\"(max-width: 150px) 100vw, 150px\" \/><\/div>\n\t\t<\/figure>\n\t<\/div>\n<div class=\"key-icon-box icon-default  cont-center ib-no-effect    with-border   kd-animated fadeInDown\" style=\"background-color: #ffffff;border: 1px solid #ffffff;margin-bottom:30px;\" data-animation-delay=\"400\"><div class=\"ib-wrapper\" style=\"padding-top:40px;padding-bottom:40px;padding-left:35px;padding-right:35px;background-color:#ffffff;\"><h4 class=\"service-heading\" >Version Apple<\/h4><div class=\"ib-button-wrapper\"><a class=\"tt_button tt_primary_button btn_primary_color hover_solid_primary\" href=\"https:\/\/apple.co\/3tG68Cs\" target=\"_self\">Download<\/a><\/div><\/div><\/div>\n\t<div  class=\"wpb_single_image wpb_content_element vc_align_center\">\n\t\t\n\t\t<figure class=\"wpb_wrapper vc_figure\">\n\t\t\t<div class=\"vc_single_image-wrapper vc_box_rounded  vc_box_border_grey\"><img width=\"150\" height=\"150\" src=\"https:\/\/king-365.co\/wp-content\/uploads\/2023\/04\/4f007a8eaf1309b100affbca92e9f908f7c4113085b36312e4f02d2626e7cb98_200-150x150.webp\" class=\"vc_single_image-img attachment-thumbnail\" alt=\"\" decoding=\"async\" loading=\"lazy\" title=\"4f007a8eaf1309b100affbca92e9f908f7c4113085b36312e4f02d2626e7cb98_200\" srcset=\"https:\/\/king-365.co\/wp-content\/uploads\/2023\/04\/4f007a8eaf1309b100affbca92e9f908f7c4113085b36312e4f02d2626e7cb98_200-150x150.webp 150w, https:\/\/king-365.co\/wp-content\/uploads\/2023\/04\/4f007a8eaf1309b100affbca92e9f908f7c4113085b36312e4f02d2626e7cb98_200-12x12.webp 12w, https:\/\/king-365.co\/wp-content\/uploads\/2023\/04\/4f007a8eaf1309b100affbca92e9f908f7c4113085b36312e4f02d2626e7cb98_200.webp 200w\" sizes=\"(max-width: 150px) 100vw, 150px\" \/><\/div>\n\t\t<\/figure>\n\t<\/div>\n<div class=\"key-icon-box icon-default  cont-center ib-no-effect    with-border   kd-animated fadeInDown\" style=\"background-color: #ffffff;border: 1px solid #ffffff;margin-bottom:30px;\" data-animation-delay=\"400\"><div class=\"ib-wrapper\" style=\"padding-top:40px;padding-bottom:40px;padding-left:35px;padding-right:35px;background-color:#ffffff;\"><h4 class=\"service-heading\" >Version Windows<\/h4><div class=\"ib-button-wrapper\"><a class=\"tt_button tt_primary_button btn_primary_color hover_solid_primary\" href=\"https:\/\/cutt.ly\/QKKLVLb\" target=\"_self\">Download<\/a><\/div><\/div><\/div><\/div><\/div><\/div><div class=\"wpb_column vc_column_container vc_col-sm-3 vc_col-lg-3 vc_col-md-6 vc_col-xs-12\"><div class=\"vc_column-inner vc_custom_1598612823705  vc_custom_1598612823706 vc_custom_1598612823707\"><div class=\"wpb_wrapper\">\n\t<div  class=\"wpb_single_image wpb_content_element vc_align_center\">\n\t\t\n\t\t<figure class=\"wpb_wrapper vc_figure\">\n\t\t\t<div class=\"vc_single_image-wrapper vc_box_rounded  vc_box_border_grey\"><img width=\"150\" height=\"150\" src=\"https:\/\/king-365.co\/wp-content\/uploads\/2023\/04\/4f007a8eaf1309b100affbca92e9f908f7c4113085b36312e4f02d2626e7cb98_200-150x150.webp\" class=\"vc_single_image-img attachment-thumbnail\" alt=\"\" decoding=\"async\" loading=\"lazy\" title=\"4f007a8eaf1309b100affbca92e9f908f7c4113085b36312e4f02d2626e7cb98_200\" srcset=\"https:\/\/king-365.co\/wp-content\/uploads\/2023\/04\/4f007a8eaf1309b100affbca92e9f908f7c4113085b36312e4f02d2626e7cb98_200-150x150.webp 150w, https:\/\/king-365.co\/wp-content\/uploads\/2023\/04\/4f007a8eaf1309b100affbca92e9f908f7c4113085b36312e4f02d2626e7cb98_200-12x12.webp 12w, https:\/\/king-365.co\/wp-content\/uploads\/2023\/04\/4f007a8eaf1309b100affbca92e9f908f7c4113085b36312e4f02d2626e7cb98_200.webp 200w\" sizes=\"(max-width: 150px) 100vw, 150px\" \/><\/div>\n\t\t<\/figure>\n\t<\/div>\n<div class=\"key-icon-box icon-default  cont-center ib-no-effect    with-border   kd-animated fadeInDown\" style=\"background-color: #ffffff;border: 1px solid #ffffff;margin-bottom:30px;\" data-animation-delay=\"400\"><div class=\"ib-wrapper\" style=\"padding-top:40px;padding-bottom:40px;padding-left:35px;padding-right:35px;background-color:#ffffff;\"><h4 class=\"service-heading\" >Version Android<\/h4><div class=\"ib-button-wrapper\"><a class=\"tt_button tt_primary_button btn_primary_color hover_solid_primary\" href=\"https:\/\/www.iptvsmarters.com\/smarters.apk\" target=\"_self\">Download<\/a><\/div><\/div><\/div>\n\t<div  class=\"wpb_single_image wpb_content_element vc_align_center\">\n\t\t\n\t\t<figure class=\"wpb_wrapper vc_figure\">\n\t\t\t<div class=\"vc_single_image-wrapper vc_box_rounded  vc_box_border_grey\"><img width=\"150\" height=\"150\" src=\"https:\/\/king-365.co\/wp-content\/uploads\/2023\/04\/4f007a8eaf1309b100affbca92e9f908f7c4113085b36312e4f02d2626e7cb98_200-150x150.webp\" class=\"vc_single_image-img attachment-thumbnail\" alt=\"\" decoding=\"async\" loading=\"lazy\" title=\"4f007a8eaf1309b100affbca92e9f908f7c4113085b36312e4f02d2626e7cb98_200\" srcset=\"https:\/\/king-365.co\/wp-content\/uploads\/2023\/04\/4f007a8eaf1309b100affbca92e9f908f7c4113085b36312e4f02d2626e7cb98_200-150x150.webp 150w, https:\/\/king-365.co\/wp-content\/uploads\/2023\/04\/4f007a8eaf1309b100affbca92e9f908f7c4113085b36312e4f02d2626e7cb98_200-12x12.webp 12w, https:\/\/king-365.co\/wp-content\/uploads\/2023\/04\/4f007a8eaf1309b100affbca92e9f908f7c4113085b36312e4f02d2626e7cb98_200.webp 200w\" sizes=\"(max-width: 150px) 100vw, 150px\" \/><\/div>\n\t\t<\/figure>\n\t<\/div>\n<div class=\"key-icon-box icon-default  cont-center ib-no-effect    with-border   kd-animated fadeInDown\" style=\"background-color: #ffffff;border: 1px solid #ffffff;margin-bottom:30px;\" data-animation-delay=\"400\"><div class=\"ib-wrapper\" style=\"padding-top:40px;padding-bottom:40px;padding-left:35px;padding-right:35px;background-color:#ffffff;\"><h4 class=\"service-heading\" >Version iOS<\/h4><div class=\"ib-button-wrapper\"><a class=\"tt_button tt_primary_button btn_primary_color hover_solid_primary\" href=\"https:\/\/cutt.ly\/HKKL6p8\" target=\"_self\">Download<\/a><\/div><\/div><\/div><\/div><\/div><\/div><div class=\"wpb_column vc_column_container vc_col-sm-6 vc_col-lg-6 vc_col-md-12 vc_col-xs-12\"><div class=\"vc_column-inner vc_custom_1681175753173 vc_custom_1681175753175 vc_custom_1681175753176 vc_custom_1681175753177\"><div class=\"wpb_wrapper\"><header class=\"kd-section-title col-lg-8 vc_col-sm-8 text-center  subtitle-below-title kd-animated fadeIn   vc_custom_1681175805237\" data-animation-delay=\"200\"><h2 class=\"separator_off\" style=\"margin-bottom:30px;\">IPTV SMARTERS PRO<\/h2><h6 class=\"subtitle\" >Download one of the available versions according to your device and install, At the end of its installation, launch the iptv smarters application by clicking on Open, Click on + or Add user to configure iptv smarters pro or player, Choose between Playlist API Xtream-codes (we suggest this second option). <\/p>\n<p>Do not choose the 1- URL option. It won't work in most cases,<\/p>\n<p>Insert the identifiers of your iptv smarters pro subscription if you have chosen the Xtream-code API: Name, User, Password and Server URL and click on (add user)<\/h6><\/header><\/div><\/div><\/div><\/div><\/div><\/div><\/div><\/div><div class=\"vc_row-full-width vc_clearfix\"><\/div>\n<\/section>","protected":false},"excerpt":{"rendered":"T\u00e9l\u00e9chargementKING365TV est une nouvelle fa\u00e7on de regarder la t\u00e9l\u00e9vision, qui est adopt\u00e9e par de plus en plus de personnes. II [...]","protected":false},"author":1,"featured_media":0,"parent":0,"menu_order":0,"comment_status":"closed","ping_status":"closed","template":"","meta":{"two_page_speed":{"current_score":{"desktop_score":95,"desktop_tti":"0.6\u00a0","mobile_score":89,"mobile_tti":"2.9\u00a0","date":"31.10.2025 07:29:01 pm","status":"completed"}}},"yoast_head":"<!-- This site is optimized with the Yoast SEO plugin v20.7 - https:\/\/yoast.com\/wordpress\/plugins\/seo\/ -->\n<title>Applications - king365tv<\/title>\n<meta name=\"robots\" content=\"index, follow, max-snippet:-1, max-image-preview:large, max-video-preview:-1\" \/>\n<link rel=\"canonical\" href=\"https:\/\/king-365.co\/en\/applications\/\" \/>\n<meta property=\"og:locale\" content=\"en_US\" \/>\n<meta property=\"og:type\" content=\"article\" \/>\n<meta property=\"og:title\" content=\"Applications - king365tv\" \/>\n<meta property=\"og:url\" content=\"https:\/\/king-365.co\/en\/applications\/\" \/>\n<meta property=\"og:site_name\" content=\"king365tv\" \/>\n<meta property=\"article:modified_time\" content=\"2025-10-31T19:28:21+00:00\" \/>\n<meta name=\"twitter:card\" content=\"summary_large_image\" \/>\n<meta name=\"twitter:label1\" content=\"Est. reading time\" \/>\n\t<meta name=\"twitter:data1\" content=\"8 minutes\" \/>\n<script type=\"application\/ld+json\" class=\"yoast-schema-graph\">{\"@context\":\"https:\/\/schema.org\",\"@graph\":[{\"@type\":\"WebPage\",\"@id\":\"https:\/\/king-365.co\/en\/applications\/\",\"url\":\"https:\/\/king-365.co\/en\/applications\/\",\"name\":\"Applications - king365tv\",\"isPartOf\":{\"@id\":\"https:\/\/king-365.co\/#website\"},\"datePublished\":\"2023-04-09T01:54:54+00:00\",\"dateModified\":\"2025-10-31T19:28:21+00:00\",\"breadcrumb\":{\"@id\":\"https:\/\/king-365.co\/en\/applications\/#breadcrumb\"},\"inLanguage\":\"en-US\",\"potentialAction\":[{\"@type\":\"ReadAction\",\"target\":[\"https:\/\/king-365.co\/en\/applications\/\"]}]},{\"@type\":\"BreadcrumbList\",\"@id\":\"https:\/\/king-365.co\/en\/applications\/#breadcrumb\",\"itemListElement\":[{\"@type\":\"ListItem\",\"position\":1,\"name\":\"Accueil\",\"item\":\"https:\/\/king-365.co\/\"},{\"@type\":\"ListItem\",\"position\":2,\"name\":\"Applications\"}]},{\"@type\":\"WebSite\",\"@id\":\"https:\/\/king-365.co\/#website\",\"url\":\"https:\/\/king-365.co\/\",\"name\":\"king365tv\",\"description\":\"\",\"potentialAction\":[{\"@type\":\"SearchAction\",\"target\":{\"@type\":\"EntryPoint\",\"urlTemplate\":\"https:\/\/king-365.co\/?s={search_term_string}\"},\"query-input\":\"required name=search_term_string\"}],\"inLanguage\":\"en-US\"}]}<\/script>\n<!-- \/ Yoast SEO plugin. -->","yoast_head_json":{"title":"Applications - king365tv","robots":{"index":"index","follow":"follow","max-snippet":"max-snippet:-1","max-image-preview":"max-image-preview:large","max-video-preview":"max-video-preview:-1"},"canonical":"https:\/\/king-365.co\/en\/applications\/","og_locale":"en_US","og_type":"article","og_title":"Applications - king365tv","og_url":"https:\/\/king-365.co\/en\/applications\/","og_site_name":"king365tv","article_modified_time":"2025-10-31T19:28:21+00:00","twitter_card":"summary_large_image","twitter_misc":{"Est. reading time":"8 minutes"},"schema":{"@context":"https:\/\/schema.org","@graph":[{"@type":"WebPage","@id":"https:\/\/king-365.co\/en\/applications\/","url":"https:\/\/king-365.co\/en\/applications\/","name":"Applications - king365tv","isPartOf":{"@id":"https:\/\/king-365.co\/#website"},"datePublished":"2023-04-09T01:54:54+00:00","dateModified":"2025-10-31T19:28:21+00:00","breadcrumb":{"@id":"https:\/\/king-365.co\/en\/applications\/#breadcrumb"},"inLanguage":"en-US","potentialAction":[{"@type":"ReadAction","target":["https:\/\/king-365.co\/en\/applications\/"]}]},{"@type":"BreadcrumbList","@id":"https:\/\/king-365.co\/en\/applications\/#breadcrumb","itemListElement":[{"@type":"ListItem","position":1,"name":"Accueil","item":"https:\/\/king-365.co\/"},{"@type":"ListItem","position":2,"name":"Applications"}]},{"@type":"WebSite","@id":"https:\/\/king-365.co\/#website","url":"https:\/\/king-365.co\/","name":"king365tv","description":"","potentialAction":[{"@type":"SearchAction","target":{"@type":"EntryPoint","urlTemplate":"https:\/\/king-365.co\/?s={search_term_string}"},"query-input":"required name=search_term_string"}],"inLanguage":"en-US"}]}},"_links":{"self":[{"href":"https:\/\/king-365.co\/en\/wp-json\/wp\/v2\/pages\/9753"}],"collection":[{"href":"https:\/\/king-365.co\/en\/wp-json\/wp\/v2\/pages"}],"about":[{"href":"https:\/\/king-365.co\/en\/wp-json\/wp\/v2\/types\/page"}],"author":[{"embeddable":true,"href":"https:\/\/king-365.co\/en\/wp-json\/wp\/v2\/users\/1"}],"replies":[{"embeddable":true,"href":"https:\/\/king-365.co\/en\/wp-json\/wp\/v2\/comments?post=9753"}],"version-history":[{"count":1,"href":"https:\/\/king-365.co\/en\/wp-json\/wp\/v2\/pages\/9753\/revisions"}],"predecessor-version":[{"id":10675,"href":"https:\/\/king-365.co\/en\/wp-json\/wp\/v2\/pages\/9753\/revisions\/10675"}],"wp:attachment":[{"href":"https:\/\/king-365.co\/en\/wp-json\/wp\/v2\/media?parent=9753"}],"curies":[{"name":"wp","href":"https:\/\/api.w.org\/{rel}","templated":true}]}}